{"id":2763,"date":"2024-06-20T11:47:14","date_gmt":"2024-06-20T09:47:14","guid":{"rendered":"https:\/\/www.dartem.cat\/que-es-el-kit-consulting\/"},"modified":"2025-10-08T08:53:38","modified_gmt":"2025-10-08T06:53:38","slug":"que-es-el-kit-consulting","status":"publish","type":"page","link":"https:\/\/www.dartem.cat\/es\/que-es-el-kit-consulting\/","title":{"rendered":"\u00bfQue es el Kit Consulting?"},"content":{"rendered":"<p>[et_pb_section fb_built=\u00bb1&#8243; fullwidth=\u00bbon\u00bb _builder_version=\u00bb4.25.0&#8243; _module_preset=\u00bbdefault\u00bb height=\u00bb400px\u00bb height_tablet=\u00bb400px\u00bb height_phone=\u00bb400px\u00bb height_last_edited=\u00bbon|phone\u00bb custom_margin=\u00bb||0px||false|false\u00bb locked=\u00bboff\u00bb global_colors_info=\u00bb{}\u00bb][et_pb_fullwidth_slider _builder_version=\u00bb4.25.0&#8243; _module_preset=\u00bbdefault\u00bb header_level=\u00bbh1&#8243; custom_padding=\u00bb379px|||||\u00bb custom_padding_tablet=\u00bb379px|||||\u00bb custom_padding_phone=\u00bb0px||0px||false|false\u00bb custom_padding_last_edited=\u00bbon|phone\u00bb global_colors_info=\u00bb{}\u00bb][et_pb_slide _builder_version=\u00bb4.25.0&#8243; _module_preset=\u00bbdefault\u00bb header_level=\u00bbh1&#8243; header_font=\u00bbPoppins|800|||||||\u00bb header_text_align=\u00bbright\u00bb header_font_size=\u00bb66px\u00bb body_text_align=\u00bbright\u00bb body_font_size=\u00bb40px\u00bb body_line_height=\u00bb1.8em\u00bb background_color=\u00bbRGBA(0,0,0,0)\u00bb background_enable_color=\u00bbon\u00bb background_image=\u00bbhttps:\/\/www.dartem.cat\/wp-content\/uploads\/2024\/06\/kit-consulting-wide-scaled.webp\u00bb background_enable_image=\u00bbon\u00bb text_orientation=\u00bbright\u00bb custom_padding=\u00bb200px|200px||0px|false|false\u00bb custom_padding_tablet=\u00bb\u00bb custom_padding_phone=\u00bb|0px|||false|false\u00bb custom_padding_last_edited=\u00bbon|phone\u00bb header_font_size_tablet=\u00bb\u00bb header_font_size_phone=\u00bb34px\u00bb header_font_size_last_edited=\u00bbon|phone\u00bb body_font_size_tablet=\u00bb\u00bb body_font_size_phone=\u00bb31px\u00bb body_font_size_last_edited=\u00bbon|phone\u00bb global_colors_info=\u00bb{}\u00bb header_font_size__hover_enabled=\u00bboff|desktop\u00bb sticky_transition=\u00bbon\u00bb][\/et_pb_slide][\/et_pb_fullwidth_slider][\/et_pb_section][et_pb_section fb_built=\u00bb1&#8243; custom_padding_last_edited=\u00bbon|phone\u00bb _builder_version=\u00bb4.25.0&#8243; _module_preset=\u00bbdefault\u00bb custom_margin_tablet=\u00bb\u00bb custom_margin_phone=\u00bb\u00bb custom_margin_last_edited=\u00bbon|desktop\u00bb custom_padding_tablet=\u00bb\u00bb custom_padding_phone=\u00bb0px||||false|false\u00bb locked=\u00bboff\u00bb global_colors_info=\u00bb{}\u00bb][et_pb_row use_custom_gutter=\u00bbon\u00bb gutter_width=\u00bb4&#8243; _builder_version=\u00bb4.16&#8243; _module_preset=\u00bbdefault\u00bb global_colors_info=\u00bb{}\u00bb][et_pb_column type=\u00bb4_4&#8243; _builder_version=\u00bb4.16&#8243; _module_preset=\u00bbdefault\u00bb global_colors_info=\u00bb{}\u00bb][et_pb_text _builder_version=\u00bb4.25.0&#8243; _module_preset=\u00bbdefault\u00bb text_font=\u00bb|700|||||||\u00bb text_text_color=\u00bb#C00049&#8243; text_font_size=\u00bb18px\u00bb custom_margin=\u00bb||15px||false|false\u00bb text_orientation_tablet=\u00bb\u00bb text_orientation_phone=\u00bbcenter\u00bb text_orientation_last_edited=\u00bbon|phone\u00bb global_colors_info=\u00bb{}\u00bb]<\/p>\n<p>Dartem, asesores digitales<\/p>\n<p>[\/et_pb_text][et_pb_text _builder_version=\u00bb4.25.0&#8243; _dynamic_attributes=\u00bbcontent\u00bb _module_preset=\u00bbdefault\u00bb text_font=\u00bbPoppins|700|||||||\u00bb text_font_size=\u00bb20px\u00bb header_font_size=\u00bb35px\u00bb custom_margin=\u00bb||15px||false|false\u00bb header_text_align_tablet=\u00bb\u00bb header_text_align_phone=\u00bbcenter\u00bb header_text_align_last_edited=\u00bbon|phone\u00bb global_colors_info=\u00bb{}\u00bb]@ET-DC@eyJkeW5hbWljIjp0cnVlLCJjb250ZW50IjoicG9zdF90aXRsZSIsInNldHRpbmdzIjp7ImJlZm9yZSI6IjxoMT4iLCJhZnRlciI6IjwvaDE+In19@[\/et_pb_text][et_pb_divider color=\u00bb#C00049&#8243; divider_weight=\u00bb4px\u00bb _builder_version=\u00bb4.16&#8243; _module_preset=\u00bbdefault\u00bb width=\u00bb4%\u00bb custom_margin=\u00bb||10px||false|false\u00bb global_colors_info=\u00bb{}\u00bb][\/et_pb_divider][\/et_pb_column][\/et_pb_row][et_pb_row column_structure=\u00bb1_2,1_2&#8243; use_custom_gutter=\u00bbon\u00bb gutter_width=\u00bb4&#8243; _builder_version=\u00bb4.16&#8243; _module_preset=\u00bbdefault\u00bb global_colors_info=\u00bb{}\u00bb][et_pb_column type=\u00bb1_2&#8243; _builder_version=\u00bb4.16&#8243; _module_preset=\u00bbdefault\u00bb global_colors_info=\u00bb{}\u00bb][et_pb_text _builder_version=\u00bb4.25.0&#8243; _module_preset=\u00bbdefault\u00bb text_font_size=\u00bb16px\u00bb text_line_height=\u00bb2em\u00bb header_2_line_height=\u00bb2em\u00bb header_3_line_height=\u00bb2em\u00bb text_orientation=\u00bbjustified\u00bb header_2_font_size_tablet=\u00bb\u00bb header_2_font_size_phone=\u00bb23px\u00bb header_2_font_size_last_edited=\u00bbon|phone\u00bb text_orientation_tablet=\u00bbjustified\u00bb text_orientation_phone=\u00bbcenter\u00bb text_orientation_last_edited=\u00bbon|phone\u00bb global_colors_info=\u00bb{}\u00bb]<\/p>\n<h2>El programa Kit Consulting<\/h2>\n<p>Kit Consulting es el programa de ayudas del Gobierno de Espa\u00f1a que permite a pymes como tu dise\u00f1ar la hoja de ruta para su transformaci\u00f3n digital.<\/p>\n<h2>En que consiste esta ayuda?<\/h2>\n<p>Se trata de un bono de Asesoramiento Digital dotado de una cantidad que tendr\u00e1s que invertir en la contrataci\u00f3n de los servicios de asesoramiento.<\/p>\n<h2>Servicios que ofrecemos<\/h2>\n<p>Dartem es <strong>Asesor Digital<\/strong> adherido al programa del <strong>Kit Consulting<\/strong> y ofrece los siguientes servicios:<\/p>\n<ul>\n<li><a href=\"https:\/\/www.dartem.cat\/es\/kit-consulting-ciberseguridad-basico\/\"><a href=\"https:\/\/www.dartem.cat\/es\/kit-consulting-ciberseguridad-basico\/\">Servicio de Asesoramiento en Ciberseguridad (B\u00e1sico)<\/a><\/a><\/li>\n<li><a href=\"https:\/\/www.dartem.cat\/es\/kit-consulting-ciberseguridad-avanzado\/\"><a href=\"https:\/\/www.dartem.cat\/es\/kit-consulting-ciberseguridad-avanzado\/\">Servicio de Asesoramiento en Ciberseguridad (Avanzado)<\/a><\/a><\/li>\n<li><a href=\"https:\/\/www.dartem.cat\/es\/kit-consulting-ciberseguridad-preparacion-certificacion\/\"><a href=\"https:\/\/www.dartem.cat\/es\/kit-consulting-ciberseguridad-preparacion-certificacion\/\">Servicio de Asesoramiento en Ciberseguridad (Preparaci\u00f3n para Certificaci\u00f3n)<\/a><\/a><\/li>\n<\/ul>\n<p>[\/et_pb_text][\/et_pb_column][et_pb_column type=\u00bb1_2&#8243; _builder_version=\u00bb4.16&#8243; _module_preset=\u00bbdefault\u00bb global_colors_info=\u00bb{}\u00bb][et_pb_image src=\u00bbhttps:\/\/www.dartem.cat\/wp-content\/uploads\/2024\/06\/oficina-trabajadores-scaled.webp\u00bb alt=\u00bbTrabajando en el kit consulting\u00bb title_text=\u00bbTrabajando en el kit consulting\u00bb _builder_version=\u00bb4.25.0&#8243; _module_preset=\u00bbdefault\u00bb global_colors_info=\u00bb{}\u00bb][\/et_pb_image][\/et_pb_column][\/et_pb_row][et_pb_row _builder_version=\u00bb4.25.0&#8243; _module_preset=\u00bbdefault\u00bb custom_margin=\u00bb30px|auto||auto|false|false\u00bb custom_padding=\u00bb||0px||false|false\u00bb global_colors_info=\u00bb{}\u00bb][et_pb_column type=\u00bb4_4&#8243; _builder_version=\u00bb4.25.0&#8243; _module_preset=\u00bbdefault\u00bb global_colors_info=\u00bb{}\u00bb][et_pb_text _builder_version=\u00bb4.25.0&#8243; _module_preset=\u00bbdefault\u00bb text_font_size=\u00bb16px\u00bb text_line_height=\u00bb2em\u00bb header_2_line_height=\u00bb2em\u00bb header_3_text_align=\u00bbcenter\u00bb header_3_line_height=\u00bb2em\u00bb header_3_font_size_tablet=\u00bb\u00bb header_3_font_size_phone=\u00bb18px\u00bb header_3_font_size_last_edited=\u00bbon|phone\u00bb global_colors_info=\u00bb{}\u00bb]<\/p>\n<h3>La cantidad var\u00eda en funci\u00f3n del tama\u00f1o que tenga tu empresa:<\/h3>\n<p>[\/et_pb_text][\/et_pb_column][\/et_pb_row][et_pb_row column_structure=\u00bb1_3,1_3,1_3&#8243; _builder_version=\u00bb4.25.0&#8243; _module_preset=\u00bbdefault\u00bb global_colors_info=\u00bb{}\u00bb][et_pb_column type=\u00bb1_3&#8243; admin_label=\u00bb12000&#8243; _builder_version=\u00bb4.25.0&#8243; _module_preset=\u00bbdefault\u00bb background_color=\u00bbrgba(191,97,133,0.27)\u00bb custom_padding=\u00bb2rem|2.5rem|2rem|2.5rem|true|true\u00bb border_radii=\u00bbon|4px|4px|4px|4px\u00bb border_color_all=\u00bb#C00049&#8243; box_shadow_style=\u00bbpreset3&#8243; global_colors_info=\u00bb{}\u00bb][et_pb_text _builder_version=\u00bb4.25.0&#8243; _module_preset=\u00bbdefault\u00bb text_font_size=\u00bb17px\u00bb text_line_height=\u00bb2em\u00bb header_3_text_align=\u00bbcenter\u00bb header_3_font_size=\u00bb30px\u00bb header_3_line_height=\u00bb2em\u00bb text_orientation=\u00bbcenter\u00bb global_colors_info=\u00bb{}\u00bb]<\/p>\n<h3>12.000\u20ac<\/h3>\n<p>Por empresas entre 10 y menos de 50 trabajadores<\/p>\n<p>[\/et_pb_text][et_pb_button button_url=\u00bb@ET-DC@eyJkeW5hbWljIjp0cnVlLCJjb250ZW50IjoicG9zdF9saW5rX3VybF9wYWdlIiwic2V0dGluZ3MiOnsicG9zdF9pZCI6IjIzIn19@\u00bb button_text=\u00bbCONTACTAR\u00bb button_alignment=\u00bbcenter\u00bb _builder_version=\u00bb4.25.0&#8243; _dynamic_attributes=\u00bbbutton_url\u00bb _module_preset=\u00bbdefault\u00bb custom_button=\u00bbon\u00bb button_text_size=\u00bb17px\u00bb button_text_color=\u00bb#ffffff\u00bb button_bg_color=\u00bb#c00049&#8243; button_border_color=\u00bb#C00049&#8243; button_border_radius=\u00bb27px\u00bb button_font=\u00bb|600|||||||\u00bb button_use_icon=\u00bboff\u00bb custom_margin=\u00bb||||false|false\u00bb button_text_color_last_edited=\u00bboff|desktop\u00bb box_shadow_style=\u00bbpreset3&#8243; box_shadow_blur=\u00bb20px\u00bb box_shadow_spread=\u00bb-13px\u00bb box_shadow_color=\u00bbrgba(0,0,0,0.66)\u00bb locked=\u00bboff\u00bb global_colors_info=\u00bb{}\u00bb button_bg_color__hover_enabled=\u00bbon|hover\u00bb button_bg_color__hover=\u00bbRGBA(255,255,255,0)\u00bb button_bg_enable_color__hover=\u00bbon\u00bb button_border_width__hover_enabled=\u00bboff|hover\u00bb button_border_width__hover=\u00bb2px\u00bb button_text_color__hover_enabled=\u00bbon|hover\u00bb button_text_color__hover=\u00bb#C00049&#8243; box_shadow_color__hover_enabled=\u00bbon|desktop\u00bb box_shadow_color__hover=\u00bbRGBA(255,255,255,0)\u00bb][\/et_pb_button][\/et_pb_column][et_pb_column type=\u00bb1_3&#8243; admin_label=\u00bb18000&#8243; _builder_version=\u00bb4.25.0&#8243; _module_preset=\u00bbdefault\u00bb background_color=\u00bbrgba(191,97,133,0.27)\u00bb custom_padding=\u00bb2rem|2.5rem|2rem|2.5rem|true|true\u00bb border_radii=\u00bbon|4px|4px|4px|4px\u00bb border_color_all=\u00bb#C00049&#8243; box_shadow_style=\u00bbpreset3&#8243; global_colors_info=\u00bb{}\u00bb][et_pb_text _builder_version=\u00bb4.25.0&#8243; _module_preset=\u00bbdefault\u00bb text_font_size=\u00bb17px\u00bb text_line_height=\u00bb2em\u00bb header_3_text_align=\u00bbcenter\u00bb header_3_font_size=\u00bb30px\u00bb header_3_line_height=\u00bb2em\u00bb text_orientation=\u00bbcenter\u00bb global_colors_info=\u00bb{}\u00bb]<\/p>\n<h3>18.000\u20ac<\/h3>\n<p>Por empresas entre 50 y menos de 100 trabajadores<\/p>\n<p>[\/et_pb_text][et_pb_button button_url=\u00bb@ET-DC@eyJkeW5hbWljIjp0cnVlLCJjb250ZW50IjoicG9zdF9saW5rX3VybF9wYWdlIiwic2V0dGluZ3MiOnsicG9zdF9pZCI6IjIzIn19@\u00bb button_text=\u00bbCONTACTAR\u00bb button_alignment=\u00bbcenter\u00bb _builder_version=\u00bb4.25.0&#8243; _dynamic_attributes=\u00bbbutton_url\u00bb _module_preset=\u00bbdefault\u00bb custom_button=\u00bbon\u00bb button_text_size=\u00bb17px\u00bb button_text_color=\u00bb#ffffff\u00bb button_bg_color=\u00bb#c00049&#8243; button_border_color=\u00bb#C00049&#8243; button_border_radius=\u00bb27px\u00bb button_font=\u00bb|600|||||||\u00bb button_use_icon=\u00bboff\u00bb custom_margin=\u00bb||||false|false\u00bb button_text_color_last_edited=\u00bboff|desktop\u00bb box_shadow_style=\u00bbpreset3&#8243; box_shadow_blur=\u00bb20px\u00bb box_shadow_spread=\u00bb-13px\u00bb box_shadow_color=\u00bbrgba(0,0,0,0.66)\u00bb locked=\u00bboff\u00bb global_colors_info=\u00bb{}\u00bb button_bg_color__hover_enabled=\u00bbon|hover\u00bb button_bg_color__hover=\u00bbRGBA(255,255,255,0)\u00bb button_bg_enable_color__hover=\u00bbon\u00bb button_border_width__hover_enabled=\u00bboff|hover\u00bb button_border_width__hover=\u00bb2px\u00bb button_text_color__hover_enabled=\u00bbon|hover\u00bb button_text_color__hover=\u00bb#C00049&#8243; box_shadow_color__hover_enabled=\u00bbon|desktop\u00bb box_shadow_color__hover=\u00bbRGBA(255,255,255,0)\u00bb][\/et_pb_button][\/et_pb_column][et_pb_column type=\u00bb1_3&#8243; admin_label=\u00bb24000&#8243; _builder_version=\u00bb4.25.0&#8243; _module_preset=\u00bbdefault\u00bb background_color=\u00bbrgba(191,97,133,0.27)\u00bb custom_padding=\u00bb2rem|2.5rem|2rem|2.5rem|true|true\u00bb border_radii=\u00bbon|4px|4px|4px|4px\u00bb border_color_all=\u00bb#C00049&#8243; box_shadow_style=\u00bbpreset3&#8243; global_colors_info=\u00bb{}\u00bb][et_pb_text _builder_version=\u00bb4.25.0&#8243; _module_preset=\u00bbdefault\u00bb text_font_size=\u00bb17px\u00bb text_line_height=\u00bb2em\u00bb header_3_font_size=\u00bb30px\u00bb header_3_line_height=\u00bb2em\u00bb text_orientation=\u00bbcenter\u00bb global_colors_info=\u00bb{}\u00bb]<\/p>\n<h3>24.000\u20ac<\/h3>\n<p>Por empresas entre 100 y menos de 250 trabajadores<\/p>\n<p>[\/et_pb_text][et_pb_button button_url=\u00bb@ET-DC@eyJkeW5hbWljIjp0cnVlLCJjb250ZW50IjoicG9zdF9saW5rX3VybF9wYWdlIiwic2V0dGluZ3MiOnsicG9zdF9pZCI6IjIzIn19@\u00bb button_text=\u00bbCONTACTAR\u00bb button_alignment=\u00bbcenter\u00bb _builder_version=\u00bb4.25.0&#8243; _dynamic_attributes=\u00bbbutton_url\u00bb _module_preset=\u00bbdefault\u00bb custom_button=\u00bbon\u00bb button_text_size=\u00bb17px\u00bb button_text_color=\u00bb#ffffff\u00bb button_bg_color=\u00bb#c00049&#8243; button_border_color=\u00bb#C00049&#8243; button_border_radius=\u00bb27px\u00bb button_font=\u00bb|600|||||||\u00bb button_use_icon=\u00bboff\u00bb custom_margin=\u00bb||||false|false\u00bb button_text_color_last_edited=\u00bboff|desktop\u00bb box_shadow_style=\u00bbpreset3&#8243; box_shadow_blur=\u00bb20px\u00bb box_shadow_spread=\u00bb-13px\u00bb box_shadow_color=\u00bbrgba(0,0,0,0.66)\u00bb locked=\u00bboff\u00bb global_colors_info=\u00bb{}\u00bb button_bg_color__hover_enabled=\u00bbon|hover\u00bb button_bg_color__hover=\u00bbRGBA(255,255,255,0)\u00bb button_bg_enable_color__hover=\u00bbon\u00bb button_border_width__hover_enabled=\u00bboff|hover\u00bb button_border_width__hover=\u00bb2px\u00bb button_text_color__hover_enabled=\u00bbon|hover\u00bb button_text_color__hover=\u00bb#C00049&#8243; box_shadow_color__hover_enabled=\u00bbon|desktop\u00bb box_shadow_color__hover=\u00bbRGBA(255,255,255,0)\u00bb][\/et_pb_button][\/et_pb_column][\/et_pb_row][\/et_pb_section][et_pb_section fb_built=\u00bb1&#8243; _builder_version=\u00bb4.25.0&#8243; _module_preset=\u00bbdefault\u00bb locked=\u00bboff\u00bb global_colors_info=\u00bb{}\u00bb][et_pb_row _builder_version=\u00bb4.25.0&#8243; _module_preset=\u00bbdefault\u00bb global_colors_info=\u00bb{}\u00bb][et_pb_column type=\u00bb4_4&#8243; _builder_version=\u00bb4.25.0&#8243; _module_preset=\u00bbdefault\u00bb global_colors_info=\u00bb{}\u00bb][et_pb_image src=\u00bbhttps:\/\/www.dartem.cat\/wp-content\/uploads\/2024\/07\/KC_conClaim_conBandera_Colores.png\u00bb alt=\u00bbKit Consulting\u00bb title_text=\u00bbKit Consulting\u00bb _builder_version=\u00bb4.25.0&#8243; _module_preset=\u00bbdefault\u00bb global_colors_info=\u00bb{}\u00bb][\/et_pb_image][\/et_pb_column][\/et_pb_row][\/et_pb_section]<\/p>\n","protected":false},"excerpt":{"rendered":"<p>Dartem, asesores digitalesEl programa Kit Consulting Kit Consulting es el programa de ayudas del Gobierno de Espa\u00f1a que permite a pymes como tu dise\u00f1ar la hoja de ruta para su transformaci\u00f3n digital. En que consiste esta ayuda? Se trata de un bono de Asesoramiento Digital dotado de una cantidad que tendr\u00e1s que invertir en la [&hellip;]<\/p>\n","protected":false},"author":2,"featured_media":2692,"parent":0,"menu_order":0,"comment_status":"closed","ping_status":"closed","template":"","meta":{"_et_pb_use_builder":"on","_et_pb_old_content":"","_et_gb_content_width":"","footnotes":""},"class_list":["post-2763","page","type-page","status-publish","has-post-thumbnail","hentry"],"yoast_head":"<!-- This site is optimized with the Yoast SEO plugin v23.5 - https:\/\/yoast.com\/wordpress\/plugins\/seo\/ -->\n<title>Qu\u00e9 es el Kit Consulting \u2013 Ayudas para la digitalizaci\u00f3n de empresas<\/title>\n<meta name=\"description\" content=\"Descubre qu\u00e9 es el Kit Consulting y c\u00f3mo puedes obtener ayudas para digitalizar tu empresa. Solicita tu bono para asesoramiento digital hoy.\" \/>\n<meta name=\"robots\" content=\"index, follow, max-snippet:-1, max-image-preview:large, max-video-preview:-1\" \/>\n<link rel=\"canonical\" href=\"https:\/\/www.dartem.cat\/es\/que-es-el-kit-consulting\/\" \/>\n<meta property=\"og:locale\" content=\"es_ES\" \/>\n<meta property=\"og:type\" content=\"article\" \/>\n<meta property=\"og:title\" content=\"Qu\u00e9 es el Kit Consulting \u2013 Ayudas para la digitalizaci\u00f3n de empresas\" \/>\n<meta property=\"og:description\" content=\"Descubre qu\u00e9 es el Kit Consulting y c\u00f3mo puedes obtener ayudas para digitalizar tu empresa. Solicita tu bono para asesoramiento digital hoy.\" \/>\n<meta property=\"og:url\" content=\"https:\/\/www.dartem.cat\/es\/que-es-el-kit-consulting\/\" \/>\n<meta property=\"og:site_name\" content=\"Dartem\" \/>\n<meta property=\"article:modified_time\" content=\"2025-10-08T06:53:38+00:00\" \/>\n<meta property=\"og:image\" content=\"https:\/\/www.dartem.cat\/wp-content\/uploads\/2024\/06\/Logo-Kit-Consulting.webp\" \/>\n\t<meta property=\"og:image:width\" content=\"1505\" \/>\n\t<meta property=\"og:image:height\" content=\"1042\" \/>\n\t<meta property=\"og:image:type\" content=\"image\/webp\" \/>\n<meta name=\"twitter:card\" content=\"summary_large_image\" \/>\n<meta name=\"twitter:label1\" content=\"Tiempo de lectura\" \/>\n\t<meta name=\"twitter:data1\" content=\"2 minutos\" \/>\n<script type=\"application\/ld+json\" class=\"yoast-schema-graph\">{\"@context\":\"https:\/\/schema.org\",\"@graph\":[{\"@type\":\"WebPage\",\"@id\":\"https:\/\/www.dartem.cat\/es\/que-es-el-kit-consulting\/\",\"url\":\"https:\/\/www.dartem.cat\/es\/que-es-el-kit-consulting\/\",\"name\":\"Qu\u00e9 es el Kit Consulting \u2013 Ayudas para la digitalizaci\u00f3n de empresas\",\"isPartOf\":{\"@id\":\"https:\/\/www.dartem.cat\/es\/#website\"},\"primaryImageOfPage\":{\"@id\":\"https:\/\/www.dartem.cat\/es\/que-es-el-kit-consulting\/#primaryimage\"},\"image\":{\"@id\":\"https:\/\/www.dartem.cat\/es\/que-es-el-kit-consulting\/#primaryimage\"},\"thumbnailUrl\":\"https:\/\/www.dartem.cat\/wp-content\/uploads\/2024\/06\/Logo-Kit-Consulting.webp\",\"datePublished\":\"2024-06-20T09:47:14+00:00\",\"dateModified\":\"2025-10-08T06:53:38+00:00\",\"description\":\"Descubre qu\u00e9 es el Kit Consulting y c\u00f3mo puedes obtener ayudas para digitalizar tu empresa. Solicita tu bono para asesoramiento digital hoy.\",\"breadcrumb\":{\"@id\":\"https:\/\/www.dartem.cat\/es\/que-es-el-kit-consulting\/#breadcrumb\"},\"inLanguage\":\"es\",\"potentialAction\":[{\"@type\":\"ReadAction\",\"target\":[\"https:\/\/www.dartem.cat\/es\/que-es-el-kit-consulting\/\"]}]},{\"@type\":\"ImageObject\",\"inLanguage\":\"es\",\"@id\":\"https:\/\/www.dartem.cat\/es\/que-es-el-kit-consulting\/#primaryimage\",\"url\":\"https:\/\/www.dartem.cat\/wp-content\/uploads\/2024\/06\/Logo-Kit-Consulting.webp\",\"contentUrl\":\"https:\/\/www.dartem.cat\/wp-content\/uploads\/2024\/06\/Logo-Kit-Consulting.webp\",\"width\":1505,\"height\":1042,\"caption\":\"Kit consulting\"},{\"@type\":\"BreadcrumbList\",\"@id\":\"https:\/\/www.dartem.cat\/es\/que-es-el-kit-consulting\/#breadcrumb\",\"itemListElement\":[{\"@type\":\"ListItem\",\"position\":1,\"name\":\"Portada\",\"item\":\"https:\/\/www.dartem.cat\/es\/\"},{\"@type\":\"ListItem\",\"position\":2,\"name\":\"\u00bfQue es el Kit Consulting?\"}]},{\"@type\":\"WebSite\",\"@id\":\"https:\/\/www.dartem.cat\/es\/#website\",\"url\":\"https:\/\/www.dartem.cat\/es\/\",\"name\":\"Dartem\",\"description\":\"Protecci\u00f3 de dades i Seguretat de la informaci\u00f3\",\"potentialAction\":[{\"@type\":\"SearchAction\",\"target\":{\"@type\":\"EntryPoint\",\"urlTemplate\":\"https:\/\/www.dartem.cat\/es\/?s={search_term_string}\"},\"query-input\":{\"@type\":\"PropertyValueSpecification\",\"valueRequired\":true,\"valueName\":\"search_term_string\"}}],\"inLanguage\":\"es\"}]}<\/script>\n<!-- \/ Yoast SEO plugin. -->","yoast_head_json":{"title":"Qu\u00e9 es el Kit Consulting \u2013 Ayudas para la digitalizaci\u00f3n de empresas","description":"Descubre qu\u00e9 es el Kit Consulting y c\u00f3mo puedes obtener ayudas para digitalizar tu empresa. Solicita tu bono para asesoramiento digital hoy.","robots":{"index":"index","follow":"follow","max-snippet":"max-snippet:-1","max-image-preview":"max-image-preview:large","max-video-preview":"max-video-preview:-1"},"canonical":"https:\/\/www.dartem.cat\/es\/que-es-el-kit-consulting\/","og_locale":"es_ES","og_type":"article","og_title":"Qu\u00e9 es el Kit Consulting \u2013 Ayudas para la digitalizaci\u00f3n de empresas","og_description":"Descubre qu\u00e9 es el Kit Consulting y c\u00f3mo puedes obtener ayudas para digitalizar tu empresa. Solicita tu bono para asesoramiento digital hoy.","og_url":"https:\/\/www.dartem.cat\/es\/que-es-el-kit-consulting\/","og_site_name":"Dartem","article_modified_time":"2025-10-08T06:53:38+00:00","og_image":[{"width":1505,"height":1042,"url":"https:\/\/www.dartem.cat\/wp-content\/uploads\/2024\/06\/Logo-Kit-Consulting.webp","type":"image\/webp"}],"twitter_card":"summary_large_image","twitter_misc":{"Tiempo de lectura":"2 minutos"},"schema":{"@context":"https:\/\/schema.org","@graph":[{"@type":"WebPage","@id":"https:\/\/www.dartem.cat\/es\/que-es-el-kit-consulting\/","url":"https:\/\/www.dartem.cat\/es\/que-es-el-kit-consulting\/","name":"Qu\u00e9 es el Kit Consulting \u2013 Ayudas para la digitalizaci\u00f3n de empresas","isPartOf":{"@id":"https:\/\/www.dartem.cat\/es\/#website"},"primaryImageOfPage":{"@id":"https:\/\/www.dartem.cat\/es\/que-es-el-kit-consulting\/#primaryimage"},"image":{"@id":"https:\/\/www.dartem.cat\/es\/que-es-el-kit-consulting\/#primaryimage"},"thumbnailUrl":"https:\/\/www.dartem.cat\/wp-content\/uploads\/2024\/06\/Logo-Kit-Consulting.webp","datePublished":"2024-06-20T09:47:14+00:00","dateModified":"2025-10-08T06:53:38+00:00","description":"Descubre qu\u00e9 es el Kit Consulting y c\u00f3mo puedes obtener ayudas para digitalizar tu empresa. Solicita tu bono para asesoramiento digital hoy.","breadcrumb":{"@id":"https:\/\/www.dartem.cat\/es\/que-es-el-kit-consulting\/#breadcrumb"},"inLanguage":"es","potentialAction":[{"@type":"ReadAction","target":["https:\/\/www.dartem.cat\/es\/que-es-el-kit-consulting\/"]}]},{"@type":"ImageObject","inLanguage":"es","@id":"https:\/\/www.dartem.cat\/es\/que-es-el-kit-consulting\/#primaryimage","url":"https:\/\/www.dartem.cat\/wp-content\/uploads\/2024\/06\/Logo-Kit-Consulting.webp","contentUrl":"https:\/\/www.dartem.cat\/wp-content\/uploads\/2024\/06\/Logo-Kit-Consulting.webp","width":1505,"height":1042,"caption":"Kit consulting"},{"@type":"BreadcrumbList","@id":"https:\/\/www.dartem.cat\/es\/que-es-el-kit-consulting\/#breadcrumb","itemListElement":[{"@type":"ListItem","position":1,"name":"Portada","item":"https:\/\/www.dartem.cat\/es\/"},{"@type":"ListItem","position":2,"name":"\u00bfQue es el Kit Consulting?"}]},{"@type":"WebSite","@id":"https:\/\/www.dartem.cat\/es\/#website","url":"https:\/\/www.dartem.cat\/es\/","name":"Dartem","description":"Protecci\u00f3 de dades i Seguretat de la informaci\u00f3","potentialAction":[{"@type":"SearchAction","target":{"@type":"EntryPoint","urlTemplate":"https:\/\/www.dartem.cat\/es\/?s={search_term_string}"},"query-input":{"@type":"PropertyValueSpecification","valueRequired":true,"valueName":"search_term_string"}}],"inLanguage":"es"}]}},"_links":{"self":[{"href":"https:\/\/www.dartem.cat\/es\/wp-json\/wp\/v2\/pages\/2763"}],"collection":[{"href":"https:\/\/www.dartem.cat\/es\/wp-json\/wp\/v2\/pages"}],"about":[{"href":"https:\/\/www.dartem.cat\/es\/wp-json\/wp\/v2\/types\/page"}],"author":[{"embeddable":true,"href":"https:\/\/www.dartem.cat\/es\/wp-json\/wp\/v2\/users\/2"}],"replies":[{"embeddable":true,"href":"https:\/\/www.dartem.cat\/es\/wp-json\/wp\/v2\/comments?post=2763"}],"version-history":[{"count":7,"href":"https:\/\/www.dartem.cat\/es\/wp-json\/wp\/v2\/pages\/2763\/revisions"}],"predecessor-version":[{"id":2841,"href":"https:\/\/www.dartem.cat\/es\/wp-json\/wp\/v2\/pages\/2763\/revisions\/2841"}],"wp:featuredmedia":[{"embeddable":true,"href":"https:\/\/www.dartem.cat\/es\/wp-json\/wp\/v2\/media\/2692"}],"wp:attachment":[{"href":"https:\/\/www.dartem.cat\/es\/wp-json\/wp\/v2\/media?parent=2763"}],"curies":[{"name":"wp","href":"https:\/\/api.w.org\/{rel}","templated":true}]}}