{"id":2751,"date":"2024-06-20T16:37:51","date_gmt":"2024-06-20T14:37:51","guid":{"rendered":"https:\/\/www.dartem.cat\/kit-consulting-ciberseguridad-basico\/"},"modified":"2025-10-08T08:52:02","modified_gmt":"2025-10-08T06:52:02","slug":"kit-consulting-ciberseguridad-basico","status":"publish","type":"page","link":"https:\/\/www.dartem.cat\/es\/kit-consulting-ciberseguridad-basico\/","title":{"rendered":"Servicio de Asesoramiento en Ciberseguridad (B\u00e1sico)"},"content":{"rendered":"<p>[et_pb_section fb_built=\u00bb1&#8243; fullwidth=\u00bbon\u00bb _builder_version=\u00bb4.25.0&#8243; _module_preset=\u00bbdefault\u00bb height=\u00bb400px\u00bb height_tablet=\u00bb400px\u00bb height_phone=\u00bb400px\u00bb height_last_edited=\u00bbon|phone\u00bb custom_margin=\u00bb||0px||false|false\u00bb locked=\u00bboff\u00bb global_colors_info=\u00bb{}\u00bb][et_pb_fullwidth_slider _builder_version=\u00bb4.25.0&#8243; _module_preset=\u00bbdefault\u00bb header_level=\u00bbh1&#8243; custom_padding=\u00bb379px|||||\u00bb custom_padding_tablet=\u00bb379px|||||\u00bb custom_padding_phone=\u00bb0px||0px||false|false\u00bb custom_padding_last_edited=\u00bbon|phone\u00bb global_colors_info=\u00bb{}\u00bb][et_pb_slide _builder_version=\u00bb4.25.0&#8243; _module_preset=\u00bbdefault\u00bb header_level=\u00bbh1&#8243; header_font=\u00bbPoppins|800|||||||\u00bb header_text_align=\u00bbright\u00bb header_font_size=\u00bb66px\u00bb body_text_align=\u00bbright\u00bb body_font_size=\u00bb40px\u00bb body_line_height=\u00bb1.8em\u00bb background_color=\u00bbRGBA(0,0,0,0)\u00bb background_enable_color=\u00bbon\u00bb background_image=\u00bbhttps:\/\/www.dartem.cat\/wp-content\/uploads\/2024\/06\/kit-consulting-wide-scaled.webp\u00bb background_enable_image=\u00bbon\u00bb text_orientation=\u00bbright\u00bb custom_padding=\u00bb200px|200px||0px|false|false\u00bb custom_padding_tablet=\u00bb\u00bb custom_padding_phone=\u00bb|0px|||false|false\u00bb custom_padding_last_edited=\u00bbon|phone\u00bb header_font_size_tablet=\u00bb\u00bb header_font_size_phone=\u00bb34px\u00bb header_font_size_last_edited=\u00bbon|phone\u00bb body_font_size_tablet=\u00bb\u00bb body_font_size_phone=\u00bb31px\u00bb body_font_size_last_edited=\u00bbon|phone\u00bb global_colors_info=\u00bb{}\u00bb header_font_size__hover_enabled=\u00bboff|desktop\u00bb sticky_transition=\u00bbon\u00bb][\/et_pb_slide][\/et_pb_fullwidth_slider][\/et_pb_section][et_pb_section fb_built=\u00bb1&#8243; custom_padding_last_edited=\u00bbon|phone\u00bb _builder_version=\u00bb4.25.0&#8243; _module_preset=\u00bbdefault\u00bb custom_margin_tablet=\u00bb\u00bb custom_margin_phone=\u00bb\u00bb custom_margin_last_edited=\u00bbon|desktop\u00bb custom_padding_tablet=\u00bb\u00bb custom_padding_phone=\u00bb0px||||false|false\u00bb locked=\u00bboff\u00bb global_colors_info=\u00bb{}\u00bb][et_pb_row use_custom_gutter=\u00bbon\u00bb gutter_width=\u00bb4&#8243; _builder_version=\u00bb4.16&#8243; _module_preset=\u00bbdefault\u00bb global_colors_info=\u00bb{}\u00bb][et_pb_column type=\u00bb4_4&#8243; _builder_version=\u00bb4.16&#8243; _module_preset=\u00bbdefault\u00bb global_colors_info=\u00bb{}\u00bb][et_pb_text _builder_version=\u00bb4.25.0&#8243; _module_preset=\u00bbdefault\u00bb text_font=\u00bb|700|||||||\u00bb text_text_color=\u00bb#C00049&#8243; text_font_size=\u00bb18px\u00bb custom_margin=\u00bb||15px||false|false\u00bb text_orientation_tablet=\u00bb\u00bb text_orientation_phone=\u00bbcenter\u00bb text_orientation_last_edited=\u00bbon|phone\u00bb global_colors_info=\u00bb{}\u00bb]<\/p>\n<p>Dartem, asesores digitales<\/p>\n<p>[\/et_pb_text][et_pb_text _builder_version=\u00bb4.25.0&#8243; _dynamic_attributes=\u00bbcontent\u00bb _module_preset=\u00bbdefault\u00bb text_font=\u00bbPoppins|700|||||||\u00bb text_font_size=\u00bb20px\u00bb header_font_size=\u00bb35px\u00bb custom_margin=\u00bb||15px||false|false\u00bb header_text_align_tablet=\u00bb\u00bb header_text_align_phone=\u00bbcenter\u00bb header_text_align_last_edited=\u00bbon|phone\u00bb global_colors_info=\u00bb{}\u00bb]@ET-DC@eyJkeW5hbWljIjp0cnVlLCJjb250ZW50IjoicG9zdF90aXRsZSIsInNldHRpbmdzIjp7ImJlZm9yZSI6IjxoMT4iLCJhZnRlciI6IjwvaDE+In19@[\/et_pb_text][et_pb_divider color=\u00bb#C00049&#8243; divider_weight=\u00bb4px\u00bb _builder_version=\u00bb4.16&#8243; _module_preset=\u00bbdefault\u00bb width=\u00bb4%\u00bb custom_margin=\u00bb||10px||false|false\u00bb global_colors_info=\u00bb{}\u00bb][\/et_pb_divider][\/et_pb_column][\/et_pb_row][et_pb_row column_structure=\u00bb1_2,1_2&#8243; use_custom_gutter=\u00bbon\u00bb gutter_width=\u00bb4&#8243; _builder_version=\u00bb4.16&#8243; _module_preset=\u00bbdefault\u00bb global_colors_info=\u00bb{}\u00bb][et_pb_column type=\u00bb1_2&#8243; _builder_version=\u00bb4.16&#8243; _module_preset=\u00bbdefault\u00bb global_colors_info=\u00bb{}\u00bb][et_pb_text _builder_version=\u00bb4.25.0&#8243; _module_preset=\u00bbdefault\u00bb text_font_size=\u00bb16px\u00bb text_line_height=\u00bb2em\u00bb header_2_line_height=\u00bb2em\u00bb header_3_line_height=\u00bb2em\u00bb text_orientation=\u00bbjustified\u00bb header_2_font_size_tablet=\u00bb\u00bb header_2_font_size_phone=\u00bb23px\u00bb header_2_font_size_last_edited=\u00bbon|phone\u00bb text_orientation_tablet=\u00bbjustified\u00bb text_orientation_phone=\u00bbleft\u00bb text_orientation_last_edited=\u00bbon|phone\u00bb global_colors_info=\u00bb{}\u00bb]<\/p>\n<p>El principal objetivo de este servicio es proporcionar a su empresa un plan b\u00e1sico de ciberseguridad adaptado a las necesidades espec\u00edficas de las pymes. Tambi\u00e9n, hacer un caso de uso adaptado. Se busca aplicar la documentaci\u00f3n b\u00e1sica del Sistema de Gesti\u00f3n de Seguridad de la Informaci\u00f3n (SGSI) seg\u00fan ISO 27001 y ENS (categor\u00eda media-alta).<\/p>\n<h2>En que consiste el servicio B\u00c1SICO:<\/h2>\n<p>Dartem, como Asesor Digital Adherido, ser\u00e1 el encargado de realizar una serie de actividades para garantizar el correcto desarrollo del plan b\u00e1sico de ciberseguridad. El servicio realizado permitir\u00e1:<\/p>\n<ul>\n<li>Conocer la situaci\u00f3n actual de su empresa ante riesgos, identificando los activos y datos m\u00e1s valiosos para tu actividad.<\/li>\n<li>Garantizar la continuidad de su empresa ante posibles incidentes de seguridad, minimizando el riesgo de interrupciones en la actividad empresarial.<\/li>\n<li>Elaborar y proporcionar un plan de respuesta detallado ante brechas de seguridad, definiendo protocolos y actuaciones espec\u00edficas en caso de ciberataque.<\/li>\n<li>Definir y establecer en su empresa una estrategia de ciberseguridad personalizada a corto y medio plazo.<\/li>\n<li>Cumplir las regulaciones y est\u00e1ndares de seguridad relacionados con la protecci\u00f3n de datos y la seguridad de la informaci\u00f3n.<\/li>\n<li>Preparar la documentaci\u00f3n b\u00e1sica para la implantaci\u00f3n de un SGSI (ISO27001 y ENS media-alta) para un servicio core ofrecido a clientes o AAPP.<\/li>\n<li>Desarrollar y ejecutar un caso de uso adaptado a su empresa utilizando las t\u00e9cnicas apropiadas, en el \u00e1rea de ciberseguridad.<\/li>\n<li>Identificar las oportunidades o posibles usos de la IA en el \u00e1mbito de la ciberseguridad.<\/li>\n<\/ul>\n<h2>Importe de la Subvenci\u00f3n<\/h2>\n<ul>\n<li>Empresas de 10 a 50 trabajadores: 6000 \u20ac.<\/li>\n<li>Empresas de 50 a 100 trabajadores: 6000 \u20ac.<\/li>\n<li>Empresas de 100 a 250 trabajadores: 6000 \u20ac.<\/li>\n<\/ul>\n<h2>Precio del servicio ofrecido<\/h2>\n<p>El precio del servicio ofrecido por Dartem es de 6000 \u20ac.<\/p>\n<p>[\/et_pb_text][\/et_pb_column][et_pb_column type=\u00bb1_2&#8243; _builder_version=\u00bb4.16&#8243; _module_preset=\u00bbdefault\u00bb global_colors_info=\u00bb{}\u00bb][et_pb_image src=\u00bbhttps:\/\/www.dartem.cat\/wp-content\/uploads\/2024\/06\/oficina-trabajadores-scaled.webp\u00bb alt=\u00bbTrabajando en el kit consulting\u00bb title_text=\u00bbTrabajando en el kit consulting\u00bb _builder_version=\u00bb4.25.0&#8243; _module_preset=\u00bbdefault\u00bb global_colors_info=\u00bb{}\u00bb][\/et_pb_image][\/et_pb_column][\/et_pb_row][et_pb_row _builder_version=\u00bb4.25.0&#8243; _module_preset=\u00bbdefault\u00bb custom_margin=\u00bb30px|auto||auto|false|false\u00bb custom_padding=\u00bb||0px||false|false\u00bb global_colors_info=\u00bb{}\u00bb][et_pb_column type=\u00bb4_4&#8243; _builder_version=\u00bb4.25.0&#8243; _module_preset=\u00bbdefault\u00bb global_colors_info=\u00bb{}\u00bb][et_pb_text _builder_version=\u00bb4.25.0&#8243; _module_preset=\u00bbdefault\u00bb text_font_size=\u00bb16px\u00bb text_line_height=\u00bb2em\u00bb header_2_line_height=\u00bb2em\u00bb header_3_text_align=\u00bbjustify\u00bb header_3_line_height=\u00bb2em\u00bb header_3_text_align_tablet=\u00bbjustify\u00bb header_3_text_align_phone=\u00bbcenter\u00bb header_3_text_align_last_edited=\u00bbon|phone\u00bb header_3_font_size_tablet=\u00bb\u00bb header_3_font_size_phone=\u00bb18px\u00bb header_3_font_size_last_edited=\u00bbon|desktop\u00bb global_colors_info=\u00bb{}\u00bb]<\/p>\n<h3>La ciberseguridad no es una opci\u00f3n, sino una necesidad. Con el apoyo del programa Kit Consulting, ahora dispone de la oportunidad de reforzar su empresa con un retorno significativo en t\u00e9rminos de seguridad y tranquilidad, financiando el servicio mediante el Bono de Asesoramiento Digital.<\/h3>\n<p>[\/et_pb_text][\/et_pb_column][\/et_pb_row][\/et_pb_section][et_pb_section fb_built=\u00bb1&#8243; _builder_version=\u00bb4.25.0&#8243; _module_preset=\u00bbdefault\u00bb locked=\u00bboff\u00bb global_colors_info=\u00bb{}\u00bb][et_pb_row _builder_version=\u00bb4.25.0&#8243; _module_preset=\u00bbdefault\u00bb global_colors_info=\u00bb{}\u00bb][et_pb_column type=\u00bb4_4&#8243; _builder_version=\u00bb4.25.0&#8243; _module_preset=\u00bbdefault\u00bb global_colors_info=\u00bb{}\u00bb][et_pb_image src=\u00bbhttps:\/\/www.dartem.cat\/wp-content\/uploads\/2024\/07\/KC_conClaim_conBandera_Colores.png\u00bb alt=\u00bbKit Consulting\u00bb title_text=\u00bbKit Consulting\u00bb _builder_version=\u00bb4.25.0&#8243; _module_preset=\u00bbdefault\u00bb global_colors_info=\u00bb{}\u00bb][\/et_pb_image][\/et_pb_column][\/et_pb_row][\/et_pb_section]<\/p>\n","protected":false},"excerpt":{"rendered":"<p>Dartem, asesores digitalesEl principal objetivo de este servicio es proporcionar a su empresa un plan b\u00e1sico de ciberseguridad adaptado a las necesidades espec\u00edficas de las pymes. Tambi\u00e9n, hacer un caso de uso adaptado. Se busca aplicar la documentaci\u00f3n b\u00e1sica del Sistema de Gesti\u00f3n de Seguridad de la Informaci\u00f3n (SGSI) seg\u00fan ISO 27001 y ENS (categor\u00eda [&hellip;]<\/p>\n","protected":false},"author":2,"featured_media":0,"parent":0,"menu_order":0,"comment_status":"closed","ping_status":"closed","template":"","meta":{"_et_pb_use_builder":"on","_et_pb_old_content":"","_et_gb_content_width":"","footnotes":""},"class_list":["post-2751","page","type-page","status-publish","hentry"],"yoast_head":"<!-- This site is optimized with the Yoast SEO plugin v23.5 - https:\/\/yoast.com\/wordpress\/plugins\/seo\/ -->\n<title>Ciberseguridad b\u00e1sica \u2013 Kit Consulting para empresas<\/title>\n<meta name=\"description\" content=\"Refuerza la protecci\u00f3n de tu empresa con el servicio de ciberseguridad b\u00e1sica subvencionado del Kit Consulting. Solicita tu bono digital hoy mismo.\" \/>\n<meta name=\"robots\" content=\"index, follow, max-snippet:-1, max-image-preview:large, max-video-preview:-1\" \/>\n<link rel=\"canonical\" href=\"https:\/\/www.dartem.cat\/es\/kit-consulting-ciberseguridad-basico\/\" \/>\n<meta property=\"og:locale\" content=\"es_ES\" \/>\n<meta property=\"og:type\" content=\"article\" \/>\n<meta property=\"og:title\" content=\"Ciberseguridad b\u00e1sica \u2013 Kit Consulting para empresas\" \/>\n<meta property=\"og:description\" content=\"Refuerza la protecci\u00f3n de tu empresa con el servicio de ciberseguridad b\u00e1sica subvencionado del Kit Consulting. Solicita tu bono digital hoy mismo.\" \/>\n<meta property=\"og:url\" content=\"https:\/\/www.dartem.cat\/es\/kit-consulting-ciberseguridad-basico\/\" \/>\n<meta property=\"og:site_name\" content=\"Dartem\" \/>\n<meta property=\"article:modified_time\" content=\"2025-10-08T06:52:02+00:00\" \/>\n<meta name=\"twitter:card\" content=\"summary_large_image\" \/>\n<meta name=\"twitter:label1\" content=\"Tiempo de lectura\" \/>\n\t<meta name=\"twitter:data1\" content=\"3 minutos\" \/>\n<script type=\"application\/ld+json\" class=\"yoast-schema-graph\">{\"@context\":\"https:\/\/schema.org\",\"@graph\":[{\"@type\":\"WebPage\",\"@id\":\"https:\/\/www.dartem.cat\/es\/kit-consulting-ciberseguridad-basico\/\",\"url\":\"https:\/\/www.dartem.cat\/es\/kit-consulting-ciberseguridad-basico\/\",\"name\":\"Ciberseguridad b\u00e1sica \u2013 Kit Consulting para empresas\",\"isPartOf\":{\"@id\":\"https:\/\/www.dartem.cat\/es\/#website\"},\"datePublished\":\"2024-06-20T14:37:51+00:00\",\"dateModified\":\"2025-10-08T06:52:02+00:00\",\"description\":\"Refuerza la protecci\u00f3n de tu empresa con el servicio de ciberseguridad b\u00e1sica subvencionado del Kit Consulting. Solicita tu bono digital hoy mismo.\",\"breadcrumb\":{\"@id\":\"https:\/\/www.dartem.cat\/es\/kit-consulting-ciberseguridad-basico\/#breadcrumb\"},\"inLanguage\":\"es\",\"potentialAction\":[{\"@type\":\"ReadAction\",\"target\":[\"https:\/\/www.dartem.cat\/es\/kit-consulting-ciberseguridad-basico\/\"]}]},{\"@type\":\"BreadcrumbList\",\"@id\":\"https:\/\/www.dartem.cat\/es\/kit-consulting-ciberseguridad-basico\/#breadcrumb\",\"itemListElement\":[{\"@type\":\"ListItem\",\"position\":1,\"name\":\"Portada\",\"item\":\"https:\/\/www.dartem.cat\/es\/\"},{\"@type\":\"ListItem\",\"position\":2,\"name\":\"Servicio de Asesoramiento en Ciberseguridad (B\u00e1sico)\"}]},{\"@type\":\"WebSite\",\"@id\":\"https:\/\/www.dartem.cat\/es\/#website\",\"url\":\"https:\/\/www.dartem.cat\/es\/\",\"name\":\"Dartem\",\"description\":\"Protecci\u00f3 de dades i Seguretat de la informaci\u00f3\",\"potentialAction\":[{\"@type\":\"SearchAction\",\"target\":{\"@type\":\"EntryPoint\",\"urlTemplate\":\"https:\/\/www.dartem.cat\/es\/?s={search_term_string}\"},\"query-input\":{\"@type\":\"PropertyValueSpecification\",\"valueRequired\":true,\"valueName\":\"search_term_string\"}}],\"inLanguage\":\"es\"}]}<\/script>\n<!-- \/ Yoast SEO plugin. -->","yoast_head_json":{"title":"Ciberseguridad b\u00e1sica \u2013 Kit Consulting para empresas","description":"Refuerza la protecci\u00f3n de tu empresa con el servicio de ciberseguridad b\u00e1sica subvencionado del Kit Consulting. Solicita tu bono digital hoy mismo.","robots":{"index":"index","follow":"follow","max-snippet":"max-snippet:-1","max-image-preview":"max-image-preview:large","max-video-preview":"max-video-preview:-1"},"canonical":"https:\/\/www.dartem.cat\/es\/kit-consulting-ciberseguridad-basico\/","og_locale":"es_ES","og_type":"article","og_title":"Ciberseguridad b\u00e1sica \u2013 Kit Consulting para empresas","og_description":"Refuerza la protecci\u00f3n de tu empresa con el servicio de ciberseguridad b\u00e1sica subvencionado del Kit Consulting. Solicita tu bono digital hoy mismo.","og_url":"https:\/\/www.dartem.cat\/es\/kit-consulting-ciberseguridad-basico\/","og_site_name":"Dartem","article_modified_time":"2025-10-08T06:52:02+00:00","twitter_card":"summary_large_image","twitter_misc":{"Tiempo de lectura":"3 minutos"},"schema":{"@context":"https:\/\/schema.org","@graph":[{"@type":"WebPage","@id":"https:\/\/www.dartem.cat\/es\/kit-consulting-ciberseguridad-basico\/","url":"https:\/\/www.dartem.cat\/es\/kit-consulting-ciberseguridad-basico\/","name":"Ciberseguridad b\u00e1sica \u2013 Kit Consulting para empresas","isPartOf":{"@id":"https:\/\/www.dartem.cat\/es\/#website"},"datePublished":"2024-06-20T14:37:51+00:00","dateModified":"2025-10-08T06:52:02+00:00","description":"Refuerza la protecci\u00f3n de tu empresa con el servicio de ciberseguridad b\u00e1sica subvencionado del Kit Consulting. Solicita tu bono digital hoy mismo.","breadcrumb":{"@id":"https:\/\/www.dartem.cat\/es\/kit-consulting-ciberseguridad-basico\/#breadcrumb"},"inLanguage":"es","potentialAction":[{"@type":"ReadAction","target":["https:\/\/www.dartem.cat\/es\/kit-consulting-ciberseguridad-basico\/"]}]},{"@type":"BreadcrumbList","@id":"https:\/\/www.dartem.cat\/es\/kit-consulting-ciberseguridad-basico\/#breadcrumb","itemListElement":[{"@type":"ListItem","position":1,"name":"Portada","item":"https:\/\/www.dartem.cat\/es\/"},{"@type":"ListItem","position":2,"name":"Servicio de Asesoramiento en Ciberseguridad (B\u00e1sico)"}]},{"@type":"WebSite","@id":"https:\/\/www.dartem.cat\/es\/#website","url":"https:\/\/www.dartem.cat\/es\/","name":"Dartem","description":"Protecci\u00f3 de dades i Seguretat de la informaci\u00f3","potentialAction":[{"@type":"SearchAction","target":{"@type":"EntryPoint","urlTemplate":"https:\/\/www.dartem.cat\/es\/?s={search_term_string}"},"query-input":{"@type":"PropertyValueSpecification","valueRequired":true,"valueName":"search_term_string"}}],"inLanguage":"es"}]}},"_links":{"self":[{"href":"https:\/\/www.dartem.cat\/es\/wp-json\/wp\/v2\/pages\/2751"}],"collection":[{"href":"https:\/\/www.dartem.cat\/es\/wp-json\/wp\/v2\/pages"}],"about":[{"href":"https:\/\/www.dartem.cat\/es\/wp-json\/wp\/v2\/types\/page"}],"author":[{"embeddable":true,"href":"https:\/\/www.dartem.cat\/es\/wp-json\/wp\/v2\/users\/2"}],"replies":[{"embeddable":true,"href":"https:\/\/www.dartem.cat\/es\/wp-json\/wp\/v2\/comments?post=2751"}],"version-history":[{"count":8,"href":"https:\/\/www.dartem.cat\/es\/wp-json\/wp\/v2\/pages\/2751\/revisions"}],"predecessor-version":[{"id":2840,"href":"https:\/\/www.dartem.cat\/es\/wp-json\/wp\/v2\/pages\/2751\/revisions\/2840"}],"wp:attachment":[{"href":"https:\/\/www.dartem.cat\/es\/wp-json\/wp\/v2\/media?parent=2751"}],"curies":[{"name":"wp","href":"https:\/\/api.w.org\/{rel}","templated":true}]}}