{"id":1621,"date":"2019-01-04T10:15:49","date_gmt":"2019-01-04T09:15:49","guid":{"rendered":"https:\/\/www.dartem.cat\/politica-de-privacidad\/"},"modified":"2024-04-24T12:37:06","modified_gmt":"2024-04-24T10:37:06","slug":"politica-de-privacidad","status":"publish","type":"page","link":"https:\/\/www.dartem.cat\/es\/politica-de-privacidad\/","title":{"rendered":"Pol\u00edtica de privacidad"},"content":{"rendered":"<p>[et_pb_section fb_built=\u00bb1&#8243; _builder_version=\u00bb4.16&#8243; _module_preset=\u00bbdefault\u00bb global_colors_info=\u00bb{}\u00bb][et_pb_row _builder_version=\u00bb4.16&#8243; _module_preset=\u00bbdefault\u00bb global_colors_info=\u00bb{}\u00bb][et_pb_column type=\u00bb4_4&#8243; _builder_version=\u00bb4.16&#8243; _module_preset=\u00bbdefault\u00bb global_colors_info=\u00bb{}\u00bb][et_pb_text _builder_version=\u00bb4.16&#8243; _module_preset=\u00bbdefault\u00bb header_line_height=\u00bb1.5em\u00bb global_colors_info=\u00bb{}\u00bb]<\/p>\n<h1><strong>Pol\u00edtica de privacidad<\/strong><\/h1>\n<p>[\/et_pb_text][\/et_pb_column][\/et_pb_row][et_pb_row _builder_version=\u00bb4.16&#8243; _module_preset=\u00bbdefault\u00bb global_colors_info=\u00bb{}\u00bb][et_pb_column type=\u00bb4_4&#8243; _builder_version=\u00bb4.16&#8243; _module_preset=\u00bbdefault\u00bb global_colors_info=\u00bb{}\u00bb][et_pb_text _builder_version=\u00bb4.24.0&#8243; _module_preset=\u00bbdefault\u00bb text_font_size=\u00bb16px\u00bb text_line_height=\u00bb2em\u00bb hover_enabled=\u00bb0&#8243; global_colors_info=\u00bb{}\u00bb sticky_enabled=\u00bb0&#8243;]<\/p>\n<p>Versi\u00f3n: 31 de enero de 2024<\/p>\n<p>&nbsp;<\/p>\n<p>LEGISLACI\u00d3N Y NUEVAS TECNOLOG\u00cdAS, SL se compromete a proteger la privacidad de los usuarios que accedan a esta web y \/ o cualquiera de sus servicios. La utilizaci\u00f3n de la web y \/ o de cualquiera de los servicios ofrecidos por LEGISLACI\u00d3N Y NUEVAS TECNOLOG\u00cdAS, SL implica la aceptaci\u00f3n por el usuario de las disposiciones contenidas en la presente Pol\u00edtica de Privacidad y que sus datos personales sean tratados seg\u00fan se estipula en ella. Por favor, tenga en cuenta que a pesar de que pueda haber enlaces de nuestra web a otras webs, esta Pol\u00edtica de Privacidad no se aplica a las webs de otras compa\u00f1\u00edas u organizaciones a las que la web est\u00e9 redirigida. LEGISLACI\u00d3N Y NUEVAS TECNOLOG\u00cdAS, SL no controla el contenido de las webs de terceros ni acepta cualquier responsabilidad por el contenido o las pol\u00edticas de privacidad de estas webs.<\/p>\n<p>&nbsp;<\/p>\n<p><strong>Informaci\u00f3n sobre el tratamiento de datos (Reglamento (UE) 2016\/679 y LO 3\/2018)<\/strong><\/p>\n<table width=\"482\">\n<tbody>\n<tr>\n<td width=\"113\">Responsable del tratamiento<\/td>\n<td width=\"369\">\n<p>LEGISLACI\u00d3N Y NUEVAS TECNOLOG\u00cdAS, SL<\/p>\n<p>NIF: B17976051<\/p>\n<p>Carrer del Riu G\u00fcell, 58 17001 Girona<\/p>\n<p>Email: info@dartem.cat<\/p>\n<\/td>\n<\/tr>\n<tr>\n<td width=\"113\">Finalidad del tratamiento<\/td>\n<td width=\"369\">Ofrecer y gestionar nuestros Servicios de Consultor\u00eda en Protecci\u00f3n de Datos, Seguridad de la Informaci\u00f3n y Gesti\u00f3n Documental.<\/td>\n<\/tr>\n<tr>\n<td width=\"113\">Legitimaci\u00f3n<\/td>\n<td width=\"369\">\n<p>Consentimiento obtenido del interesado.<\/p>\n<p>Ejecuci\u00f3n del contrato de servicios.<\/p>\n<\/td>\n<\/tr>\n<tr>\n<td width=\"113\">Destinatarios<\/td>\n<td width=\"369\">Los datos no ser\u00e1n comunicados a terceros, a menos que lo exija una ley o sea necesario para cumplir con la finalidad del tratamiento.<\/td>\n<\/tr>\n<tr>\n<td width=\"113\">Derechos de las personas<\/td>\n<td width=\"369\">Los interesados \u200b\u200btienen derecho a ejercer los derechos de acceso, rectificaci\u00f3n, limitaci\u00f3n de tratamiento, supresi\u00f3n, portabilidad y oposici\u00f3n, enviando su solicitud a nuestra direcci\u00f3n.<\/td>\n<\/tr>\n<tr>\n<td width=\"113\">Plazo de conservaci\u00f3n de los datos<\/td>\n<td width=\"369\">Mientras se mantenga la relaci\u00f3n comercial o durante los a\u00f1os necesarios para cumplir con las obligaciones legales.<\/td>\n<\/tr>\n<tr>\n<td width=\"113\">Reclamaci\u00f3n<\/td>\n<td width=\"369\">Los interesados \u200b\u200bpueden dirigirse a la AEPD para presentar la reclamaci\u00f3n que considere oportuna.<\/td>\n<\/tr>\n<tr>\n<td width=\"113\">Informaci\u00f3n adicional<\/td>\n<td width=\"369\">Puede consultar la informaci\u00f3n adicional y detallada a continuaci\u00f3n a las \u00abCuestiones sobre privacidad\u00bb.<\/td>\n<\/tr>\n<\/tbody>\n<\/table>\n<p>&nbsp;<\/p>\n<p><strong><u>Cuestiones sobre privacidad<\/u><\/strong><\/p>\n<p>En cumplimiento del Reglamento (UE) 2016\/679 del Parlamento Europeo y del Consejo, de 27 de abril de 2016, (RGPD) y la Ley Org\u00e1nica 3\/2018, de 5 de diciembre, de Protecci\u00f3n de Datos Personales y garant\u00eda de los derechos digitales (LOPDGDD), le ofrecemos la siguiente informaci\u00f3n sobre el tratamiento de sus datos personales:<\/p>\n<p>&nbsp;<\/p>\n<p><strong>\u00bfQui\u00e9n es el responsable del tratamiento de sus datos?<\/strong><\/p>\n<p>Identidad: LEGISLACI\u00d3N Y NUEVAS TECNOLOG\u00cdAS, SL<\/p>\n<p>NIF: B17976051<\/p>\n<p>Direci\u00f3n: Carrer del Riu G\u00fcell, 58 &#8211; 17001 Girona<\/p>\n<p>Tel.: 972208101<\/p>\n<p>Email: info@dartem.cat<\/p>\n<p><strong> <\/strong><\/p>\n<p><strong>\u00bfCon qu\u00e9 finalidad tratamos sus datos personales?<\/strong><\/p>\n<ul>\n<li>Tratamos la informaci\u00f3n que se nos facilita para gestionar nuestros Servicios de Consultor\u00eda en Protecci\u00f3n de Datos, Seguridad de la Informaci\u00f3n y Gesti\u00f3n Documental.<\/li>\n<li>En caso de que se ponga en contacto con nosotros mediante el formulario de contacto de nuestra p\u00e1gina web, las trataremos para gestionar su consulta.<\/li>\n<li>Si nos da su consentimiento tambi\u00e9n podremos tratar sus datos para enviarle informaci\u00f3n sobre nuestras actividades, productos o servicios.<\/li>\n<li>Si nos env\u00eda un curriculum, trataremos los datos con el fin de gestionar la base de CV &#8216;s para la selecci\u00f3n de personal.<\/li>\n<\/ul>\n<p><strong> <\/strong><\/p>\n<p><strong>Por cu\u00e1nto tiempo conservaremos sus datos?<\/strong><\/p>\n<ul>\n<li>Los datos personales proporcionados se conservar\u00e1n mientras sea usuario de nuestros servicios o quiera recibir informaci\u00f3n, dado que puede oponerse al tratamiento de sus datos con fines promocionales en cualquier momento, y luego, durante el plazos establecidos para cumplir con nuestras obligaciones legales, que en el caso documentaci\u00f3n contable y fiscal a efectos mercantiles ser\u00e1n 6 a\u00f1os, de conformidad con el Art. 30 del C\u00f3digo Comercio, ya los efectos fiscales ser\u00e1n 4 a\u00f1os, de acuerdo con los art\u00edculos 66 a 70 de la Ley General Tributaria.<\/li>\n<li>En el caso de los curr\u00edculos los datos se conservar\u00e1n durante un a\u00f1o.<\/li>\n<\/ul>\n<p><strong> <\/strong><\/p>\n<p><strong>\u00bfCu\u00e1l es la legitimaci\u00f3n para el tratamiento de sus datos?<\/strong><\/p>\n<p>La legitimaci\u00f3n para tratarlas se encuentra en la ejecuci\u00f3n del contrato de servicios y en los consentimientos que nos da.<\/p>\n<p><strong> <\/strong><\/p>\n<p><strong>A qu\u00e9 destinatarios se comunicar\u00e1n sus datos?<\/strong><\/p>\n<p>Los datos no ser\u00e1n comunicados a terceros, a menos que lo exija una ley o sea necesario para cumplir con la finalidad del tratamiento.<\/p>\n<p>&nbsp;<\/p>\n<p>Si nos da su consentimiento para enviarle informaci\u00f3n sobre nuestras actividades y servicios, le informamos que los env\u00edos realizados por correo electr\u00f3nico se har\u00e1n con el servicio <em>MailChimp<\/em> que proporciona la empresa <em>The Rocket Science Group, LLC<\/em>, ubicada en Estados Unidos . La transferencia internacional de datos en <em>The Rocket Science Group, LLC,<\/em> est\u00e1 basada en las Cl\u00e1usulas Contractuales Tipo para procesadores aprobadas por la Comisi\u00f3n Europea. El env\u00edo de informaci\u00f3n comercial con esta aplicaci\u00f3n nos permite realizar un seguimiento mediante balizas web <em>(web beacons)<\/em>, para determinar la atenci\u00f3n que reciben nuestras campa\u00f1as. Puede obtener m\u00e1s informaci\u00f3n en <a href=\"https:\/\/mailchimp.com\/es\/help\/about-open-tracking\/\">MailChimp-tracking.<\/a><\/p>\n<p>&nbsp;<\/p>\n<p><strong>\u00bfCu\u00e1les son sus derechos cuando nos facilita sus datos?<\/strong><\/p>\n<ul>\n<li>Cualquier persona tiene derecho a obtener confirmaci\u00f3n sobre si estamos tratando o no sus datos personales.<\/li>\n<li>Los interesados \u200b\u200btienen derecho a acceder a sus datos personales, as\u00ed como a solicitar la rectificaci\u00f3n de los datos inexactos o, en su caso, solicitar su supresi\u00f3n cuando, entre otros motivos, los datos ya no sean necesarias para las finalidades para las que se recogieron.<\/li>\n<li>En determinadas circunstancias los interesados \u200b\u200bpodr\u00e1n solicitar la limitaci\u00f3n del tratamiento de sus datos, en este caso \u00fanicamente las conservaremos para el ejercicio o la defensa de reclamaciones.<\/li>\n<li>Tambi\u00e9n, en determinadas circunstancias y por motivos relacionados con su situaci\u00f3n particular, los interesados \u200b\u200bpueden oponerse al tratamiento de sus datos. En este caso dejaremos de tratarlas, excepto por motivos leg\u00edtimos imperiosos o para el ejercicio o la defensa de posibles reclamaciones.<\/li>\n<li>Los interesados \u200b\u200btambi\u00e9n tienen derecho a la portabilidad de sus datos.<\/li>\n<li>Cualquier interesado tiene derecho a no ser objeto de una decisi\u00f3n basada \u00fanicamente en el tratamiento automatizado, incluida la elaboraci\u00f3n de perfiles, que produzca efectos jur\u00eddicos que afecten o que le afecten significativamente de manera similar.<\/li>\n<li>Finalmente, los interesados \u200b\u200btienen derecho a presentar una reclamaci\u00f3n ante la Autoridad de Control competente.<\/li>\n<\/ul>\n<p>&nbsp;<\/p>\n<p><strong>Como puede ejercer sus derechos? <\/strong><\/p>\n<p>Enviando un escrito adjuntando una copia de un documento que lo identifique, a nuestra direcci\u00f3n f\u00edsica o la electr\u00f3nica.<\/p>\n<p>&nbsp;<\/p>\n<p><strong>Como hemos obtenido sus datos?<\/strong><\/p>\n<p>Los datos personales que tratamos proceden del propio interesado, quien garantiza que los datos personales facilitados son ciertos y se hace responsable de comunicar cualquier modificaci\u00f3n. Los datos que est\u00e9n marcadas con un asterisco son obligatorios para poder darle el servicio solicitado.<\/p>\n<p>&nbsp;<\/p>\n<p><strong>Qu\u00e9 datos tratamos?<\/strong><\/p>\n<p>Las categor\u00edas de datos que podemos tratar son:<\/p>\n<ul>\n<li>Datos de car\u00e1cter identificativo<\/li>\n<li>Direcciones postales o electr\u00f3nicas<\/li>\n<\/ul>\n<p>En el caso de los curr\u00edculos, tambi\u00e9n:<\/p>\n<ul>\n<li>Caracter\u00edsticas personales<\/li>\n<li>Acad\u00e9micas y profesional<\/li>\n<\/ul>\n<p>&nbsp;<\/p>\n<p>Los datos son limitadas, dado que \u00fanicamente tratamos los datos necesarios para la prestaci\u00f3n de nuestros servicios y la gesti\u00f3n de nuestra actividad.<\/p>\n<p>&nbsp;<\/p>\n<p><strong>Utilitzamos cookies?<\/strong><\/p>\n<p>Utilizamos cookies durante la navegaci\u00f3n en nuestra web con el consentimiento del usuario.<\/p>\n<p>El usuario puede configurar su navegador para ser avisado de la utilizaci\u00f3n de cookies y para evitar su uso. Por favor, visite nuestra pol\u00edtica de cookies.<\/p>\n<p><strong> <\/strong><\/p>\n<p><strong>\u00bfQu\u00e9 medidas de seguridad aplicamos?<\/strong><\/p>\n<p>Aplicamos las medidas de seguridad establecidas en el art\u00edculo 32 del RGPD, por tanto hemos adoptado las medidas de seguridad necesarias para garantizar un nivel de seguridad adecuado al riesgo del tratamiento de datos que realizamos, con mecanismos que nos permiten garantizar la confidencialidad, integridad, disponibilidad y resiliencia permanente de los sistemas y servicios de tratamiento.<\/p>\n<p>&nbsp;<\/p>\n<p>Algunas de estas medidas son:<\/p>\n<ul>\n<li>Informaci\u00f3n de las pol\u00edticas de tratamiento de datos al personal.<\/li>\n<li>Realizaci\u00f3n de copias de seguridad peri\u00f3dicas.<\/li>\n<li>Control de acceso a los datos.<\/li>\n<li>Procesos de verificaci\u00f3n, evaluaci\u00f3n y valoraci\u00f3n regulares.<\/li>\n<\/ul>\n<p><strong> <\/strong><\/p>\n<p><strong>Como tratamos los datos por cuenta de terceros?<\/strong><\/p>\n<p>La tipolog\u00eda de datos, la categor\u00eda de interesados \u200b\u200by los tratamientos que podremos realizar por cuenta de nuestros clientes, se establecer\u00e1n en el correspondiente contrato de tratamiento de datos.<\/p>\n<p>&nbsp;<\/p>\n<p>[\/et_pb_text][\/et_pb_column][\/et_pb_row][\/et_pb_section]<\/p>\n","protected":false},"excerpt":{"rendered":"<p>Pol\u00edtica de privacidadVersi\u00f3n: 31 de enero de 2024 &nbsp; LEGISLACI\u00d3N Y NUEVAS TECNOLOG\u00cdAS, SL se compromete a proteger la privacidad de los usuarios que accedan a esta web y \/ o cualquiera de sus servicios. La utilizaci\u00f3n de la web y \/ o de cualquiera de los servicios ofrecidos por LEGISLACI\u00d3N Y NUEVAS TECNOLOG\u00cdAS, SL [&hellip;]<\/p>\n","protected":false},"author":1,"featured_media":0,"parent":0,"menu_order":0,"comment_status":"closed","ping_status":"closed","template":"","meta":{"_et_pb_use_builder":"on","_et_pb_old_content":"","_et_gb_content_width":"","footnotes":""},"class_list":["post-1621","page","type-page","status-publish","hentry"],"yoast_head":"<!-- This site is optimized with the Yoast SEO plugin v23.5 - https:\/\/yoast.com\/wordpress\/plugins\/seo\/ -->\n<title>Pol\u00edtica de privacidad - Dartem<\/title>\n<meta name=\"robots\" content=\"noindex, follow\" \/>\n<meta property=\"og:locale\" content=\"es_ES\" \/>\n<meta property=\"og:type\" content=\"article\" \/>\n<meta property=\"og:title\" content=\"Pol\u00edtica de privacidad - Dartem\" \/>\n<meta property=\"og:description\" content=\"Pol\u00edtica de privacidadVersi\u00f3n: 31 de enero de 2024 &nbsp; LEGISLACI\u00d3N Y NUEVAS TECNOLOG\u00cdAS, SL se compromete a proteger la privacidad de los usuarios que accedan a esta web y \/ o cualquiera de sus servicios. La utilizaci\u00f3n de la web y \/ o de cualquiera de los servicios ofrecidos por LEGISLACI\u00d3N Y NUEVAS TECNOLOG\u00cdAS, SL [&hellip;]\" \/>\n<meta property=\"og:url\" content=\"https:\/\/www.dartem.cat\/es\/politica-de-privacidad\/\" \/>\n<meta property=\"og:site_name\" content=\"Dartem\" \/>\n<meta property=\"article:modified_time\" content=\"2024-04-24T10:37:06+00:00\" \/>\n<meta name=\"twitter:card\" content=\"summary_large_image\" \/>\n<meta name=\"twitter:label1\" content=\"Tiempo de lectura\" \/>\n\t<meta name=\"twitter:data1\" content=\"8 minutos\" \/>\n<script type=\"application\/ld+json\" class=\"yoast-schema-graph\">{\"@context\":\"https:\/\/schema.org\",\"@graph\":[{\"@type\":\"WebPage\",\"@id\":\"https:\/\/www.dartem.cat\/es\/politica-de-privacidad\/\",\"url\":\"https:\/\/www.dartem.cat\/es\/politica-de-privacidad\/\",\"name\":\"Pol\u00edtica de privacidad - Dartem\",\"isPartOf\":{\"@id\":\"https:\/\/www.dartem.cat\/es\/#website\"},\"datePublished\":\"2019-01-04T09:15:49+00:00\",\"dateModified\":\"2024-04-24T10:37:06+00:00\",\"breadcrumb\":{\"@id\":\"https:\/\/www.dartem.cat\/es\/politica-de-privacidad\/#breadcrumb\"},\"inLanguage\":\"es\",\"potentialAction\":[{\"@type\":\"ReadAction\",\"target\":[\"https:\/\/www.dartem.cat\/es\/politica-de-privacidad\/\"]}]},{\"@type\":\"BreadcrumbList\",\"@id\":\"https:\/\/www.dartem.cat\/es\/politica-de-privacidad\/#breadcrumb\",\"itemListElement\":[{\"@type\":\"ListItem\",\"position\":1,\"name\":\"Portada\",\"item\":\"https:\/\/www.dartem.cat\/es\/\"},{\"@type\":\"ListItem\",\"position\":2,\"name\":\"Pol\u00edtica de privacidad\"}]},{\"@type\":\"WebSite\",\"@id\":\"https:\/\/www.dartem.cat\/es\/#website\",\"url\":\"https:\/\/www.dartem.cat\/es\/\",\"name\":\"Dartem\",\"description\":\"Protecci\u00f3 de dades i Seguretat de la informaci\u00f3\",\"potentialAction\":[{\"@type\":\"SearchAction\",\"target\":{\"@type\":\"EntryPoint\",\"urlTemplate\":\"https:\/\/www.dartem.cat\/es\/?s={search_term_string}\"},\"query-input\":{\"@type\":\"PropertyValueSpecification\",\"valueRequired\":true,\"valueName\":\"search_term_string\"}}],\"inLanguage\":\"es\"}]}<\/script>\n<!-- \/ Yoast SEO plugin. -->","yoast_head_json":{"title":"Pol\u00edtica de privacidad - Dartem","robots":{"index":"noindex","follow":"follow"},"og_locale":"es_ES","og_type":"article","og_title":"Pol\u00edtica de privacidad - Dartem","og_description":"Pol\u00edtica de privacidadVersi\u00f3n: 31 de enero de 2024 &nbsp; LEGISLACI\u00d3N Y NUEVAS TECNOLOG\u00cdAS, SL se compromete a proteger la privacidad de los usuarios que accedan a esta web y \/ o cualquiera de sus servicios. La utilizaci\u00f3n de la web y \/ o de cualquiera de los servicios ofrecidos por LEGISLACI\u00d3N Y NUEVAS TECNOLOG\u00cdAS, SL [&hellip;]","og_url":"https:\/\/www.dartem.cat\/es\/politica-de-privacidad\/","og_site_name":"Dartem","article_modified_time":"2024-04-24T10:37:06+00:00","twitter_card":"summary_large_image","twitter_misc":{"Tiempo de lectura":"8 minutos"},"schema":{"@context":"https:\/\/schema.org","@graph":[{"@type":"WebPage","@id":"https:\/\/www.dartem.cat\/es\/politica-de-privacidad\/","url":"https:\/\/www.dartem.cat\/es\/politica-de-privacidad\/","name":"Pol\u00edtica de privacidad - Dartem","isPartOf":{"@id":"https:\/\/www.dartem.cat\/es\/#website"},"datePublished":"2019-01-04T09:15:49+00:00","dateModified":"2024-04-24T10:37:06+00:00","breadcrumb":{"@id":"https:\/\/www.dartem.cat\/es\/politica-de-privacidad\/#breadcrumb"},"inLanguage":"es","potentialAction":[{"@type":"ReadAction","target":["https:\/\/www.dartem.cat\/es\/politica-de-privacidad\/"]}]},{"@type":"BreadcrumbList","@id":"https:\/\/www.dartem.cat\/es\/politica-de-privacidad\/#breadcrumb","itemListElement":[{"@type":"ListItem","position":1,"name":"Portada","item":"https:\/\/www.dartem.cat\/es\/"},{"@type":"ListItem","position":2,"name":"Pol\u00edtica de privacidad"}]},{"@type":"WebSite","@id":"https:\/\/www.dartem.cat\/es\/#website","url":"https:\/\/www.dartem.cat\/es\/","name":"Dartem","description":"Protecci\u00f3 de dades i Seguretat de la informaci\u00f3","potentialAction":[{"@type":"SearchAction","target":{"@type":"EntryPoint","urlTemplate":"https:\/\/www.dartem.cat\/es\/?s={search_term_string}"},"query-input":{"@type":"PropertyValueSpecification","valueRequired":true,"valueName":"search_term_string"}}],"inLanguage":"es"}]}},"_links":{"self":[{"href":"https:\/\/www.dartem.cat\/es\/wp-json\/wp\/v2\/pages\/1621"}],"collection":[{"href":"https:\/\/www.dartem.cat\/es\/wp-json\/wp\/v2\/pages"}],"about":[{"href":"https:\/\/www.dartem.cat\/es\/wp-json\/wp\/v2\/types\/page"}],"author":[{"embeddable":true,"href":"https:\/\/www.dartem.cat\/es\/wp-json\/wp\/v2\/users\/1"}],"replies":[{"embeddable":true,"href":"https:\/\/www.dartem.cat\/es\/wp-json\/wp\/v2\/comments?post=1621"}],"version-history":[{"count":9,"href":"https:\/\/www.dartem.cat\/es\/wp-json\/wp\/v2\/pages\/1621\/revisions"}],"predecessor-version":[{"id":2371,"href":"https:\/\/www.dartem.cat\/es\/wp-json\/wp\/v2\/pages\/1621\/revisions\/2371"}],"wp:attachment":[{"href":"https:\/\/www.dartem.cat\/es\/wp-json\/wp\/v2\/media?parent=1621"}],"curies":[{"name":"wp","href":"https:\/\/api.w.org\/{rel}","templated":true}]}}