{"id":1609,"date":"2021-02-02T14:21:11","date_gmt":"2021-02-02T13:21:11","guid":{"rendered":"https:\/\/www.dartem.cat\/seguridad-de-la-informacion\/"},"modified":"2023-01-16T16:26:40","modified_gmt":"2023-01-16T15:26:40","slug":"seguridad-de-la-informacion","status":"publish","type":"page","link":"https:\/\/www.dartem.cat\/es\/seguridad-de-la-informacion\/","title":{"rendered":"Seguridad de la informaci\u00f3n"},"content":{"rendered":"<p>[et_pb_section fb_built=\u00bb1&#8243; fullwidth=\u00bbon\u00bb _builder_version=\u00bb4.8.1&#8243; _module_preset=\u00bbdefault\u00bb height=\u00bb400px\u00bb custom_margin=\u00bb||0px||false|false\u00bb locked=\u00bboff\u00bb][et_pb_fullwidth_slider _builder_version=\u00bb4.8.1&#8243; _module_preset=\u00bbdefault\u00bb header_level=\u00bbh1&#8243; hover_enabled=\u00bb0&#8243; sticky_enabled=\u00bb0&#8243;][et_pb_slide heading=\u00bbSeguridad de la informaci\u00f3n\u00bb _builder_version=\u00bb4.8.1&#8243; _module_preset=\u00bbdefault\u00bb header_level=\u00bbh1&#8243; header_font=\u00bbPoppins|800|||||||\u00bb header_text_align=\u00bbright\u00bb header_font_size=\u00bb66px\u00bb body_text_align=\u00bbright\u00bb body_font_size=\u00bb40px\u00bb body_line_height=\u00bb1.8em\u00bb background_color=\u00bbRGBA(0,0,0,0)\u00bb background_enable_color=\u00bbon\u00bb use_background_color_gradient=\u00bbon\u00bb background_color_gradient_start=\u00bbrgba(0,0,0,0.49)\u00bb background_color_gradient_end=\u00bbrgba(0,0,0,0.45)\u00bb background_color_gradient_overlays_image=\u00bbon\u00bb background_image=\u00bbhttps:\/\/www.dartem.cat\/\/wp-content\/uploads\/2021\/01\/banner-servicios.jpg\u00bb background_enable_image=\u00bbon\u00bb text_orientation=\u00bbright\u00bb custom_padding=\u00bb200px|200px||0px|false|false\u00bb custom_padding_tablet=\u00bb\u00bb custom_padding_phone=\u00bb|0px|||false|false\u00bb custom_padding_last_edited=\u00bbon|phone\u00bb hover_enabled=\u00bb0&#8243; header_font_size_tablet=\u00bb\u00bb header_font_size_phone=\u00bb34px\u00bb header_font_size_last_edited=\u00bbon|phone\u00bb body_font_size_tablet=\u00bb\u00bb body_font_size_phone=\u00bb31px\u00bb body_font_size_last_edited=\u00bbon|phone\u00bb header_font_size__hover_enabled=\u00bboff|desktop\u00bb sticky_transition=\u00bbon\u00bb sticky_enabled=\u00bb0&#8243;]<\/p>\n<p>Servicios<\/p>\n<p>[\/et_pb_slide][\/et_pb_fullwidth_slider][\/et_pb_section][et_pb_section fb_built=\u00bb1&#8243; _builder_version=\u00bb4.8.1&#8243; _module_preset=\u00bbdefault\u00bb][et_pb_row use_custom_gutter=\u00bbon\u00bb gutter_width=\u00bb4&#8243; _builder_version=\u00bb4.8.1&#8243; _module_preset=\u00bbdefault\u00bb][et_pb_column type=\u00bb4_4&#8243; _builder_version=\u00bb4.8.1&#8243; _module_preset=\u00bbdefault\u00bb][et_pb_text _builder_version=\u00bb4.8.1&#8243; _module_preset=\u00bbdefault\u00bb text_font=\u00bb|700|||||||\u00bb text_text_color=\u00bb#C00049&#8243; text_font_size=\u00bb18px\u00bb custom_margin=\u00bb||15px||false|false\u00bb]<\/p>\n<p>Dartem<\/p>\n<p>[\/et_pb_text][et_pb_text _builder_version=\u00bb4.8.1&#8243; _module_preset=\u00bbdefault\u00bb text_font=\u00bbPoppins|700|||||||\u00bb text_font_size=\u00bb20px\u00bb custom_margin=\u00bb||15px||false|false\u00bb]<\/p>\n<h2><strong>Seguridad de la informaci\u00f3n<\/strong><\/h2>\n<p>[\/et_pb_text][et_pb_divider color=\u00bb#C00049&#8243; divider_weight=\u00bb4px\u00bb _builder_version=\u00bb4.8.1&#8243; _module_preset=\u00bbdefault\u00bb width=\u00bb11%\u00bb custom_margin=\u00bb||10px||false|false\u00bb][\/et_pb_divider][et_pb_text _builder_version=\u00bb4.8.1&#8243; _module_preset=\u00bbdefault\u00bb text_font_size=\u00bb16px\u00bb text_line_height=\u00bb2em\u00bb]<\/p>\n<p>Los sistemas de informaci\u00f3n se han convertido en una pieza imprescindible en el funcionamiento de las empresas. La disponibilidad y la integridad de los sistemas son necesarios para poder proporcionar un servicio adecuado a los clientes. La seguridad de estos sistemas de informaci\u00f3n debe ser un elemento clave integrado en la estrategia de la empresa. Esta seguridad no puede ser una actuaci\u00f3n puntual sobre los sistemas, es necesario que sea un proceso revisado y evaluado peri\u00f3dicamente.<\/p>\n<p>DART asesora a sus clientes en la protecci\u00f3n de la infraestructura de los sistemas de informaci\u00f3n, analizando los riesgos existentes y estableciendo las medidas necesarias para eliminarlos o minitimitzar-los.<\/p>\n<p>[\/et_pb_text][\/et_pb_column][\/et_pb_row][et_pb_row _builder_version=\u00bb4.8.1&#8243; _module_preset=\u00bbdefault\u00bb custom_padding=\u00bb||0px|||\u00bb][et_pb_column type=\u00bb4_4&#8243; _builder_version=\u00bb4.8.1&#8243; _module_preset=\u00bbdefault\u00bb][et_pb_text _builder_version=\u00bb4.8.1&#8243; _module_preset=\u00bbdefault\u00bb custom_margin=\u00bb||15px||false|false\u00bb]<\/p>\n<h3><b>\u00bfQu\u00e9 ofrecemos a nuestros clientes?<\/b><\/h3>\n<p>[\/et_pb_text][et_pb_divider color=\u00bb#C00049&#8243; divider_weight=\u00bb4px\u00bb _builder_version=\u00bb4.8.1&#8243; _module_preset=\u00bbdefault\u00bb width=\u00bb11%\u00bb custom_margin=\u00bb||10px||false|false\u00bb][\/et_pb_divider][\/et_pb_column][\/et_pb_row][et_pb_row use_custom_gutter=\u00bbon\u00bb gutter_width=\u00bb2&#8243; _builder_version=\u00bb4.8.1&#8243; _module_preset=\u00bbdefault\u00bb custom_padding=\u00bb4px|||||\u00bb][et_pb_column type=\u00bb4_4&#8243; _builder_version=\u00bb4.8.1&#8243; _module_preset=\u00bbdefault\u00bb][et_pb_text _builder_version=\u00bb4.8.1&#8243; _module_preset=\u00bbdefault\u00bb text_font_size=\u00bb16px\u00bb]<\/p>\n<ul>\n<li>Servicios de consultor\u00eda y auditor\u00eda en seguridad inform\u00e1tica para peque\u00f1as y medianas empresas.<\/li>\n<li>Analizamos la seguridad de su empresa y le proponemos soluciones para reducir los riesgos del sistema inform\u00e1tico.<\/li>\n<\/ul>\n<p>[\/et_pb_text][\/et_pb_column][\/et_pb_row][et_pb_row column_structure=\u00bb1_2,1_2&#8243; use_custom_gutter=\u00bbon\u00bb gutter_width=\u00bb2&#8243; _builder_version=\u00bb4.8.1&#8243; _module_preset=\u00bbdefault\u00bb custom_padding=\u00bb4px||0px|||\u00bb][et_pb_column type=\u00bb1_2&#8243; _builder_version=\u00bb4.8.1&#8243; _module_preset=\u00bbdefault\u00bb][et_pb_text _builder_version=\u00bb4.8.1&#8243; _module_preset=\u00bbdefault\u00bb custom_margin=\u00bb||15px||false|false\u00bb]<\/p>\n<h3><b>Servicios de la seguridad de la informaci\u00f3n<\/b><\/h3>\n<p>[\/et_pb_text][et_pb_divider color=\u00bb#C00049&#8243; divider_weight=\u00bb4px\u00bb _builder_version=\u00bb4.8.1&#8243; _module_preset=\u00bbdefault\u00bb width=\u00bb11%\u00bb custom_margin=\u00bb||10px||false|false\u00bb][\/et_pb_divider][\/et_pb_column][et_pb_column type=\u00bb1_2&#8243; _builder_version=\u00bb4.8.1&#8243; _module_preset=\u00bbdefault\u00bb][\/et_pb_column][\/et_pb_row][et_pb_row column_structure=\u00bb1_2,1_2&#8243; _builder_version=\u00bb4.8.1&#8243; _module_preset=\u00bbdefault\u00bb custom_padding=\u00bb0px|||||\u00bb][et_pb_column type=\u00bb1_2&#8243; _builder_version=\u00bb4.8.1&#8243; _module_preset=\u00bbdefault\u00bb][et_pb_text _builder_version=\u00bb4.8.1&#8243; _module_preset=\u00bbdefault\u00bb text_font_size=\u00bb16px\u00bb]<\/p>\n<ul>\n<li>Seguridad f\u00edsica.<\/li>\n<li>Evaluaci\u00f3n de los antivirus y antispam.<\/li>\n<li>Procedimientos para copias de seguridad.<\/li>\n<li>Test de vulnerabilidad de la red interna, externa y de los servidores.<\/li>\n<\/ul>\n<p>[\/et_pb_text][\/et_pb_column][et_pb_column type=\u00bb1_2&#8243; _builder_version=\u00bb4.8.1&#8243; _module_preset=\u00bbdefault\u00bb][et_pb_text _builder_version=\u00bb4.8.1&#8243; _module_preset=\u00bbdefault\u00bb text_font_size=\u00bb16px\u00bb]<\/p>\n<ul>\n<li>An\u00e1lisis remoto de la p\u00e1gina web corporativa.<\/li>\n<li>Seguridad de las redes inal\u00e1mbricas.<\/li>\n<li>Plan de continuidad de negocio. Redacci\u00f3n y apoyo a la implementaci\u00f3n.<\/li>\n<li>Pol\u00edticas de seguridad. Redacci\u00f3n y formaci\u00f3n al personal de la empresa.<\/li>\n<\/ul>\n<p>[\/et_pb_text][\/et_pb_column][\/et_pb_row][\/et_pb_section]<\/p>\n","protected":false},"excerpt":{"rendered":"<p>ServiciosDartemSeguridad de la informaci\u00f3nLos sistemas de informaci\u00f3n se han convertido en una pieza imprescindible en el funcionamiento de las empresas. La disponibilidad y la integridad de los sistemas son necesarios para poder proporcionar un servicio adecuado a los clientes. La seguridad de estos sistemas de informaci\u00f3n debe ser un elemento clave integrado en la estrategia [&hellip;]<\/p>\n","protected":false},"author":2,"featured_media":0,"parent":0,"menu_order":0,"comment_status":"closed","ping_status":"closed","template":"","meta":{"_et_pb_use_builder":"on","_et_pb_old_content":"","_et_gb_content_width":"","footnotes":""},"class_list":["post-1609","page","type-page","status-publish","hentry"],"yoast_head":"<!-- This site is optimized with the Yoast SEO plugin v23.5 - https:\/\/yoast.com\/wordpress\/plugins\/seo\/ -->\n<title>Seguridad de la informaci\u00f3n - Dartem<\/title>\n<meta name=\"description\" content=\"Asesoramos a nuestros clientes en la protecci\u00f3n de la infraestructura de los sistemas de informaci\u00f3n, analizando riesgos y estableciendo las medidas.\" \/>\n<meta name=\"robots\" content=\"index, follow, max-snippet:-1, max-image-preview:large, max-video-preview:-1\" \/>\n<link rel=\"canonical\" href=\"https:\/\/www.dartem.cat\/es\/seguridad-de-la-informacion\/\" \/>\n<meta property=\"og:locale\" content=\"es_ES\" \/>\n<meta property=\"og:type\" content=\"article\" \/>\n<meta property=\"og:title\" content=\"Seguridad de la informaci\u00f3n - Dartem\" \/>\n<meta property=\"og:description\" content=\"Asesoramos a nuestros clientes en la protecci\u00f3n de la infraestructura de los sistemas de informaci\u00f3n, analizando riesgos y estableciendo las medidas.\" \/>\n<meta property=\"og:url\" content=\"https:\/\/www.dartem.cat\/es\/seguridad-de-la-informacion\/\" \/>\n<meta property=\"og:site_name\" content=\"Dartem\" \/>\n<meta property=\"article:modified_time\" content=\"2023-01-16T15:26:40+00:00\" \/>\n<meta name=\"twitter:card\" content=\"summary_large_image\" \/>\n<meta name=\"twitter:label1\" content=\"Tiempo de lectura\" \/>\n\t<meta name=\"twitter:data1\" content=\"4 minutos\" \/>\n<script type=\"application\/ld+json\" class=\"yoast-schema-graph\">{\"@context\":\"https:\/\/schema.org\",\"@graph\":[{\"@type\":\"WebPage\",\"@id\":\"https:\/\/www.dartem.cat\/es\/seguridad-de-la-informacion\/\",\"url\":\"https:\/\/www.dartem.cat\/es\/seguridad-de-la-informacion\/\",\"name\":\"Seguridad de la informaci\u00f3n - Dartem\",\"isPartOf\":{\"@id\":\"https:\/\/www.dartem.cat\/es\/#website\"},\"datePublished\":\"2021-02-02T13:21:11+00:00\",\"dateModified\":\"2023-01-16T15:26:40+00:00\",\"description\":\"Asesoramos a nuestros clientes en la protecci\u00f3n de la infraestructura de los sistemas de informaci\u00f3n, analizando riesgos y estableciendo las medidas.\",\"breadcrumb\":{\"@id\":\"https:\/\/www.dartem.cat\/es\/seguridad-de-la-informacion\/#breadcrumb\"},\"inLanguage\":\"es\",\"potentialAction\":[{\"@type\":\"ReadAction\",\"target\":[\"https:\/\/www.dartem.cat\/es\/seguridad-de-la-informacion\/\"]}]},{\"@type\":\"BreadcrumbList\",\"@id\":\"https:\/\/www.dartem.cat\/es\/seguridad-de-la-informacion\/#breadcrumb\",\"itemListElement\":[{\"@type\":\"ListItem\",\"position\":1,\"name\":\"Portada\",\"item\":\"https:\/\/www.dartem.cat\/es\/\"},{\"@type\":\"ListItem\",\"position\":2,\"name\":\"Seguridad de la informaci\u00f3n\"}]},{\"@type\":\"WebSite\",\"@id\":\"https:\/\/www.dartem.cat\/es\/#website\",\"url\":\"https:\/\/www.dartem.cat\/es\/\",\"name\":\"Dartem\",\"description\":\"Protecci\u00f3 de dades i Seguretat de la informaci\u00f3\",\"potentialAction\":[{\"@type\":\"SearchAction\",\"target\":{\"@type\":\"EntryPoint\",\"urlTemplate\":\"https:\/\/www.dartem.cat\/es\/?s={search_term_string}\"},\"query-input\":{\"@type\":\"PropertyValueSpecification\",\"valueRequired\":true,\"valueName\":\"search_term_string\"}}],\"inLanguage\":\"es\"}]}<\/script>\n<!-- \/ Yoast SEO plugin. -->","yoast_head_json":{"title":"Seguridad de la informaci\u00f3n - Dartem","description":"Asesoramos a nuestros clientes en la protecci\u00f3n de la infraestructura de los sistemas de informaci\u00f3n, analizando riesgos y estableciendo las medidas.","robots":{"index":"index","follow":"follow","max-snippet":"max-snippet:-1","max-image-preview":"max-image-preview:large","max-video-preview":"max-video-preview:-1"},"canonical":"https:\/\/www.dartem.cat\/es\/seguridad-de-la-informacion\/","og_locale":"es_ES","og_type":"article","og_title":"Seguridad de la informaci\u00f3n - Dartem","og_description":"Asesoramos a nuestros clientes en la protecci\u00f3n de la infraestructura de los sistemas de informaci\u00f3n, analizando riesgos y estableciendo las medidas.","og_url":"https:\/\/www.dartem.cat\/es\/seguridad-de-la-informacion\/","og_site_name":"Dartem","article_modified_time":"2023-01-16T15:26:40+00:00","twitter_card":"summary_large_image","twitter_misc":{"Tiempo de lectura":"4 minutos"},"schema":{"@context":"https:\/\/schema.org","@graph":[{"@type":"WebPage","@id":"https:\/\/www.dartem.cat\/es\/seguridad-de-la-informacion\/","url":"https:\/\/www.dartem.cat\/es\/seguridad-de-la-informacion\/","name":"Seguridad de la informaci\u00f3n - Dartem","isPartOf":{"@id":"https:\/\/www.dartem.cat\/es\/#website"},"datePublished":"2021-02-02T13:21:11+00:00","dateModified":"2023-01-16T15:26:40+00:00","description":"Asesoramos a nuestros clientes en la protecci\u00f3n de la infraestructura de los sistemas de informaci\u00f3n, analizando riesgos y estableciendo las medidas.","breadcrumb":{"@id":"https:\/\/www.dartem.cat\/es\/seguridad-de-la-informacion\/#breadcrumb"},"inLanguage":"es","potentialAction":[{"@type":"ReadAction","target":["https:\/\/www.dartem.cat\/es\/seguridad-de-la-informacion\/"]}]},{"@type":"BreadcrumbList","@id":"https:\/\/www.dartem.cat\/es\/seguridad-de-la-informacion\/#breadcrumb","itemListElement":[{"@type":"ListItem","position":1,"name":"Portada","item":"https:\/\/www.dartem.cat\/es\/"},{"@type":"ListItem","position":2,"name":"Seguridad de la informaci\u00f3n"}]},{"@type":"WebSite","@id":"https:\/\/www.dartem.cat\/es\/#website","url":"https:\/\/www.dartem.cat\/es\/","name":"Dartem","description":"Protecci\u00f3 de dades i Seguretat de la informaci\u00f3","potentialAction":[{"@type":"SearchAction","target":{"@type":"EntryPoint","urlTemplate":"https:\/\/www.dartem.cat\/es\/?s={search_term_string}"},"query-input":{"@type":"PropertyValueSpecification","valueRequired":true,"valueName":"search_term_string"}}],"inLanguage":"es"}]}},"_links":{"self":[{"href":"https:\/\/www.dartem.cat\/es\/wp-json\/wp\/v2\/pages\/1609"}],"collection":[{"href":"https:\/\/www.dartem.cat\/es\/wp-json\/wp\/v2\/pages"}],"about":[{"href":"https:\/\/www.dartem.cat\/es\/wp-json\/wp\/v2\/types\/page"}],"author":[{"embeddable":true,"href":"https:\/\/www.dartem.cat\/es\/wp-json\/wp\/v2\/users\/2"}],"replies":[{"embeddable":true,"href":"https:\/\/www.dartem.cat\/es\/wp-json\/wp\/v2\/comments?post=1609"}],"version-history":[{"count":7,"href":"https:\/\/www.dartem.cat\/es\/wp-json\/wp\/v2\/pages\/1609\/revisions"}],"predecessor-version":[{"id":2220,"href":"https:\/\/www.dartem.cat\/es\/wp-json\/wp\/v2\/pages\/1609\/revisions\/2220"}],"wp:attachment":[{"href":"https:\/\/www.dartem.cat\/es\/wp-json\/wp\/v2\/media?parent=1609"}],"curies":[{"name":"wp","href":"https:\/\/api.w.org\/{rel}","templated":true}]}}