{"id":1588,"date":"2021-02-02T13:44:28","date_gmt":"2021-02-02T12:44:28","guid":{"rendered":"https:\/\/www.dartem.cat\/newsletter\/"},"modified":"2023-01-16T16:26:15","modified_gmt":"2023-01-16T15:26:15","slug":"newsletter","status":"publish","type":"page","link":"https:\/\/www.dartem.cat\/es\/newsletter\/","title":{"rendered":"Newsletter"},"content":{"rendered":"<p>[et_pb_section fb_built=\u00bb1&#8243; fullwidth=\u00bbon\u00bb _builder_version=\u00bb4.8.1&#8243; _module_preset=\u00bbdefault\u00bb height=\u00bb400px\u00bb custom_margin=\u00bb||0px||false|false\u00bb locked=\u00bboff\u00bb][et_pb_fullwidth_slider _builder_version=\u00bb4.8.1&#8243; _module_preset=\u00bbdefault\u00bb header_level=\u00bbh1&#8243; hover_enabled=\u00bb0&#8243; sticky_enabled=\u00bb0&#8243;][et_pb_slide heading=\u00bbNewsletter\u00bb _builder_version=\u00bb4.8.1&#8243; _module_preset=\u00bbdefault\u00bb header_level=\u00bbh1&#8243; header_font=\u00bbPoppins|800|||||||\u00bb header_text_align=\u00bbright\u00bb header_font_size=\u00bb66px\u00bb background_color=\u00bbRGBA(0,0,0,0)\u00bb background_enable_color=\u00bbon\u00bb use_background_color_gradient=\u00bbon\u00bb background_color_gradient_start=\u00bbrgba(0,0,0,0.49)\u00bb background_color_gradient_end=\u00bbrgba(0,0,0,0.45)\u00bb background_color_gradient_overlays_image=\u00bbon\u00bb background_image=\u00bbhttps:\/\/www.dartem.cat\/wp-content\/uploads\/2021\/01\/damian-zaleski-RYyr-k3Ysqg-unsplash-scaled.jpg\u00bb background_enable_image=\u00bbon\u00bb custom_padding=\u00bb200px|200px||0px|false|false\u00bb custom_padding_tablet=\u00bb\u00bb custom_padding_phone=\u00bb|0px|||false|false\u00bb custom_padding_last_edited=\u00bbon|phone\u00bb hover_enabled=\u00bb0&#8243; header_font_size_tablet=\u00bb\u00bb header_font_size_phone=\u00bb54px\u00bb header_font_size_last_edited=\u00bbon|phone\u00bb header_font_size__hover_enabled=\u00bboff|desktop\u00bb sticky_transition=\u00bbon\u00bb sticky_enabled=\u00bb0&#8243; alt=\u00bbNewsletter\u00bb title_text=\u00bbNewsletter\u00bb][\/et_pb_slide][\/et_pb_fullwidth_slider][\/et_pb_section][et_pb_section fb_built=\u00bb1&#8243; _builder_version=\u00bb3.22&#8243; custom_padding=\u00bb8px||8px|||\u00bb][et_pb_row use_custom_gutter=\u00bbon\u00bb _builder_version=\u00bb4.8.1&#8243; background_size=\u00bbinitial\u00bb background_position=\u00bbtop_left\u00bb background_repeat=\u00bbrepeat\u00bb][et_pb_column type=\u00bb4_4&#8243; _builder_version=\u00bb3.25&#8243; custom_padding=\u00bb|||\u00bb custom_padding__hover=\u00bb|||\u00bb][et_pb_text _builder_version=\u00bb4.8.1&#8243; _module_preset=\u00bbdefault\u00bb text_font=\u00bbPoppins|700|||||||\u00bb header_2_font=\u00bb|800|||||||\u00bb header_2_text_color=\u00bb#000000&#8243; custom_margin=\u00bb||10px|||\u00bb header_2_font_size_tablet=\u00bb\u00bb header_2_font_size_phone=\u00bb20px\u00bb header_2_font_size_last_edited=\u00bbon|phone\u00bb]<\/p>\n<h2>Quiere recibir nuestra newsletter?<\/h2>\n<p>[\/et_pb_text][et_pb_divider color=\u00bb#C00049&#8243; divider_weight=\u00bb4px\u00bb _builder_version=\u00bb4.8.1&#8243; _module_preset=\u00bbdefault\u00bb width=\u00bb12%\u00bb custom_margin=\u00bb||15px||false|false\u00bb][\/et_pb_divider][et_pb_text content_tablet=\u00bb\u00bb content_phone=\u00bb<\/p>\n<p>Una vez Haya completado este cuestionario <br \/><span style=\"%22color:\">Dartem<\/span> contactar\u00e1 con usted para atender <br \/>su solicitud.<\/p>\n<p>\u00bb content_last_edited=\u00bbon|phone\u00bb _builder_version=\u00bb4.8.1&#8243; _module_preset=\u00bbdefault\u00bb text_font=\u00bbPoppins|600|||||||\u00bb text_font_size=\u00bb16px\u00bb text_font_size_tablet=\u00bb\u00bb text_font_size_phone=\u00bb12px\u00bb text_font_size_last_edited=\u00bbon|phone\u00bb content__hover_enabled=\u00bbon|desktop\u00bb]<\/p>\n<p>Rellene los datos y recibir\u00e1 nuestra newsletter <\/p>\n<p>[\/et_pb_text][et_pb_contact_form email=\u00bbclopez@dartem.cat,etaule@dartem.cat,mabad@dartem.cat\u00bb custom_message=\u00bbNombre: %%nom%%||et_pb_line_break_holder||||et_pb_line_break_holder||Apellidos: %%cognoms%%||et_pb_line_break_holder||||et_pb_line_break_holder||Email: %%email%%||et_pb_line_break_holder||||et_pb_line_break_holder||Privacidad: %%privacitat%%\u00bb success_message=\u00bbRecibido, gracias!\u00bb submit_button_text=\u00bbENVIAR\u00bb admin_label=\u00bbFormulari de contacte\u00bb _builder_version=\u00bb4.8.1&#8243; form_field_background_color=\u00bb#D6D6D6&#8243; form_field_text_color=\u00bb#000000&#8243; form_field_focus_background_color=\u00bb#D6D6D6&#8243; form_field_focus_text_color=\u00bb#000000&#8243; custom_button=\u00bbon\u00bb button_text_color=\u00bb#FFFFFF\u00bb button_bg_color=\u00bb#C00049&#8243; button_border_radius=\u00bb36px\u00bb custom_margin=\u00bb||9px|||\u00bb form_field_text_color__hover_enabled=\u00bbon|desktop\u00bb form_field_text_color__hover=\u00bb#000000&#8243; form_field_focus_background_color__hover_enabled=\u00bbon|hover\u00bb form_field_focus_background_color__hover=\u00bb#D6D6D6&#8243; form_field_focus_text_color__hover_enabled=\u00bbon|desktop\u00bb][et_pb_contact_field field_id=\u00bbnom\u00bb field_title=\u00bbNombre*\u00bb _builder_version=\u00bb4.8.1&#8243; button_text_size__hover_enabled=\u00bboff\u00bb button_one_text_size__hover_enabled=\u00bboff\u00bb button_two_text_size__hover_enabled=\u00bboff\u00bb button_text_color__hover_enabled=\u00bboff\u00bb button_one_text_color__hover_enabled=\u00bboff\u00bb button_two_text_color__hover_enabled=\u00bboff\u00bb button_border_width__hover_enabled=\u00bboff\u00bb button_one_border_width__hover_enabled=\u00bboff\u00bb button_two_border_width__hover_enabled=\u00bboff\u00bb button_border_color__hover_enabled=\u00bboff\u00bb button_one_border_color__hover_enabled=\u00bboff\u00bb button_two_border_color__hover_enabled=\u00bboff\u00bb button_border_radius__hover_enabled=\u00bboff\u00bb button_one_border_radius__hover_enabled=\u00bboff\u00bb button_two_border_radius__hover_enabled=\u00bboff\u00bb button_letter_spacing__hover_enabled=\u00bboff\u00bb button_one_letter_spacing__hover_enabled=\u00bboff\u00bb button_two_letter_spacing__hover_enabled=\u00bboff\u00bb button_bg_color__hover_enabled=\u00bboff\u00bb button_one_bg_color__hover_enabled=\u00bboff\u00bb button_two_bg_color__hover_enabled=\u00bboff\u00bb][\/et_pb_contact_field][et_pb_contact_field field_id=\u00bbcognoms\u00bb field_title=\u00bbApellidos*\u00bb _builder_version=\u00bb4.8.1&#8243; button_text_size__hover_enabled=\u00bboff\u00bb button_one_text_size__hover_enabled=\u00bboff\u00bb button_two_text_size__hover_enabled=\u00bboff\u00bb button_text_color__hover_enabled=\u00bboff\u00bb button_one_text_color__hover_enabled=\u00bboff\u00bb button_two_text_color__hover_enabled=\u00bboff\u00bb button_border_width__hover_enabled=\u00bboff\u00bb button_one_border_width__hover_enabled=\u00bboff\u00bb button_two_border_width__hover_enabled=\u00bboff\u00bb button_border_color__hover_enabled=\u00bboff\u00bb button_one_border_color__hover_enabled=\u00bboff\u00bb button_two_border_color__hover_enabled=\u00bboff\u00bb button_border_radius__hover_enabled=\u00bboff\u00bb button_one_border_radius__hover_enabled=\u00bboff\u00bb button_two_border_radius__hover_enabled=\u00bboff\u00bb button_letter_spacing__hover_enabled=\u00bboff\u00bb button_one_letter_spacing__hover_enabled=\u00bboff\u00bb button_two_letter_spacing__hover_enabled=\u00bboff\u00bb button_bg_color__hover_enabled=\u00bboff\u00bb button_one_bg_color__hover_enabled=\u00bboff\u00bb button_two_bg_color__hover_enabled=\u00bboff\u00bb][\/et_pb_contact_field][et_pb_contact_field field_id=\u00bbemail\u00bb field_title=\u00bbEmail*\u00bb field_type=\u00bbemail\u00bb fullwidth_field=\u00bbon\u00bb _builder_version=\u00bb4.8.1&#8243; button_text_size__hover_enabled=\u00bboff\u00bb button_one_text_size__hover_enabled=\u00bboff\u00bb button_two_text_size__hover_enabled=\u00bboff\u00bb button_text_color__hover_enabled=\u00bboff\u00bb button_one_text_color__hover_enabled=\u00bboff\u00bb button_two_text_color__hover_enabled=\u00bboff\u00bb button_border_width__hover_enabled=\u00bboff\u00bb button_one_border_width__hover_enabled=\u00bboff\u00bb button_two_border_width__hover_enabled=\u00bboff\u00bb button_border_color__hover_enabled=\u00bboff\u00bb button_one_border_color__hover_enabled=\u00bboff\u00bb button_two_border_color__hover_enabled=\u00bboff\u00bb button_border_radius__hover_enabled=\u00bboff\u00bb button_one_border_radius__hover_enabled=\u00bboff\u00bb button_two_border_radius__hover_enabled=\u00bboff\u00bb button_letter_spacing__hover_enabled=\u00bboff\u00bb button_one_letter_spacing__hover_enabled=\u00bboff\u00bb button_two_letter_spacing__hover_enabled=\u00bboff\u00bb button_bg_color__hover_enabled=\u00bboff\u00bb button_one_bg_color__hover_enabled=\u00bboff\u00bb button_two_bg_color__hover_enabled=\u00bboff\u00bb][\/et_pb_contact_field][et_pb_contact_field field_id=\u00bbPrivacitat\u00bb field_title=\u00bb \u00bb field_type=\u00bbcheckbox\u00bb checkbox_options=\u00bb%91{%22value%22:%22He le\u00eddo y acepto %22,%22checked%22:0,%22dragID%22:-1,%22link_url%22:%22https:\\\/\\\/www.dartem.cat\\\/politica-de-privacitat\\\/%22,%22link_text%22:%22la Pol\u00edtica de privacidad*%22}%93&#8243; fullwidth_field=\u00bbon\u00bb _builder_version=\u00bb4.8.1&#8243; button_text_size__hover_enabled=\u00bboff\u00bb button_one_text_size__hover_enabled=\u00bboff\u00bb button_two_text_size__hover_enabled=\u00bboff\u00bb button_text_color__hover_enabled=\u00bboff\u00bb button_one_text_color__hover_enabled=\u00bboff\u00bb button_two_text_color__hover_enabled=\u00bboff\u00bb button_border_width__hover_enabled=\u00bboff\u00bb button_one_border_width__hover_enabled=\u00bboff\u00bb button_two_border_width__hover_enabled=\u00bboff\u00bb button_border_color__hover_enabled=\u00bboff\u00bb button_one_border_color__hover_enabled=\u00bboff\u00bb button_two_border_color__hover_enabled=\u00bboff\u00bb button_border_radius__hover_enabled=\u00bboff\u00bb button_one_border_radius__hover_enabled=\u00bboff\u00bb button_two_border_radius__hover_enabled=\u00bboff\u00bb button_letter_spacing__hover_enabled=\u00bboff\u00bb button_one_letter_spacing__hover_enabled=\u00bboff\u00bb button_two_letter_spacing__hover_enabled=\u00bboff\u00bb button_bg_color__hover_enabled=\u00bboff\u00bb button_one_bg_color__hover_enabled=\u00bboff\u00bb button_two_bg_color__hover_enabled=\u00bboff\u00bb][\/et_pb_contact_field][\/et_pb_contact_form][et_pb_text _builder_version=\u00bb4.8.1&#8243; _module_preset=\u00bbdefault\u00bb text_font_size=\u00bb12px\u00bb text_line_height=\u00bb1.5em\u00bb]<\/p>\n<p style=\"text-align: left;\"><strong><u>Informaci\u00f3n b\u00e1sica sobre el tratamiento de datos (LO 3\/2018 y Reglamento (UE) <br \/>2016\/679] RGPD])<br \/><\/u><\/strong><strong>Responsable del tratamiento<\/strong>: LEGISLACI\u00d3N Y NUEVAS TECNOLOG\u00cdAS, SL<br \/> <strong>Finalidad<\/strong>: Ofrecer y gestionar nuestros Servicios de Consultor\u00eda en Protecci\u00f3n de Datos, <br \/>Seguridad de la Informaci\u00f3n y Gesti\u00f3n Documental.<br \/> <strong>Derechos:<\/strong> Puede ejercer los derechos previstos en los art\u00edculos 15 a 22 del RGPD, que se recogen en <br \/>nuestra <a href=\"https:\/\/www.dartem.cat\/es\/politica-de-privacidad\/\"><u>pol\u00edtica de privacidad.<\/u><\/a><\/p>\n<p>[\/et_pb_text][\/et_pb_column][\/et_pb_row][\/et_pb_section][et_pb_section fb_built=\u00bb1&#8243; _builder_version=\u00bb4.8.1&#8243; _module_preset=\u00bbdefault\u00bb custom_margin=\u00bb||29px||false|false\u00bb custom_padding=\u00bb21px||0px|||\u00bb box_shadow_style=\u00bbpreset3&#8243;][\/et_pb_section]<\/p>\n","protected":false},"excerpt":{"rendered":"<p>Quiere recibir nuestra newsletter?Rellene los datos y recibir\u00e1 nuestra newsletter Informaci\u00f3n b\u00e1sica sobre el tratamiento de datos (LO 3\/2018 y Reglamento (UE) 2016\/679] RGPD])Responsable del tratamiento: LEGISLACI\u00d3N Y NUEVAS TECNOLOG\u00cdAS, SL Finalidad: Ofrecer y gestionar nuestros Servicios de Consultor\u00eda en Protecci\u00f3n de Datos, Seguridad de la Informaci\u00f3n y Gesti\u00f3n Documental. Derechos: Puede ejercer los derechos [&hellip;]<\/p>\n","protected":false},"author":2,"featured_media":0,"parent":0,"menu_order":0,"comment_status":"closed","ping_status":"closed","template":"","meta":{"_et_pb_use_builder":"on","_et_pb_old_content":"","_et_gb_content_width":"","footnotes":""},"class_list":["post-1588","page","type-page","status-publish","hentry"],"yoast_head":"<!-- This site is optimized with the Yoast SEO plugin v23.5 - https:\/\/yoast.com\/wordpress\/plugins\/seo\/ -->\n<title>Newsletter - Dartem<\/title>\n<meta name=\"description\" content=\"Quieres recibir nuestra newsletter? Si estas interesado en recibir informaci\u00f3n sobre nuestros servicios, rellena los siguientes datos.\" \/>\n<meta name=\"robots\" content=\"index, follow, max-snippet:-1, max-image-preview:large, max-video-preview:-1\" \/>\n<link rel=\"canonical\" href=\"https:\/\/www.dartem.cat\/es\/newsletter\/\" \/>\n<meta property=\"og:locale\" content=\"es_ES\" \/>\n<meta property=\"og:type\" content=\"article\" \/>\n<meta property=\"og:title\" content=\"Newsletter - Dartem\" \/>\n<meta property=\"og:description\" content=\"Quieres recibir nuestra newsletter? Si estas interesado en recibir informaci\u00f3n sobre nuestros servicios, rellena los siguientes datos.\" \/>\n<meta property=\"og:url\" content=\"https:\/\/www.dartem.cat\/es\/newsletter\/\" \/>\n<meta property=\"og:site_name\" content=\"Dartem\" \/>\n<meta property=\"article:modified_time\" content=\"2023-01-16T15:26:15+00:00\" \/>\n<meta name=\"twitter:card\" content=\"summary_large_image\" \/>\n<meta name=\"twitter:label1\" content=\"Tiempo de lectura\" \/>\n\t<meta name=\"twitter:data1\" content=\"6 minutos\" \/>\n<script type=\"application\/ld+json\" class=\"yoast-schema-graph\">{\"@context\":\"https:\/\/schema.org\",\"@graph\":[{\"@type\":\"WebPage\",\"@id\":\"https:\/\/www.dartem.cat\/es\/newsletter\/\",\"url\":\"https:\/\/www.dartem.cat\/es\/newsletter\/\",\"name\":\"Newsletter - Dartem\",\"isPartOf\":{\"@id\":\"https:\/\/www.dartem.cat\/es\/#website\"},\"datePublished\":\"2021-02-02T12:44:28+00:00\",\"dateModified\":\"2023-01-16T15:26:15+00:00\",\"description\":\"Quieres recibir nuestra newsletter? Si estas interesado en recibir informaci\u00f3n sobre nuestros servicios, rellena los siguientes datos.\",\"breadcrumb\":{\"@id\":\"https:\/\/www.dartem.cat\/es\/newsletter\/#breadcrumb\"},\"inLanguage\":\"es\",\"potentialAction\":[{\"@type\":\"ReadAction\",\"target\":[\"https:\/\/www.dartem.cat\/es\/newsletter\/\"]}]},{\"@type\":\"BreadcrumbList\",\"@id\":\"https:\/\/www.dartem.cat\/es\/newsletter\/#breadcrumb\",\"itemListElement\":[{\"@type\":\"ListItem\",\"position\":1,\"name\":\"Portada\",\"item\":\"https:\/\/www.dartem.cat\/es\/\"},{\"@type\":\"ListItem\",\"position\":2,\"name\":\"Newsletter\"}]},{\"@type\":\"WebSite\",\"@id\":\"https:\/\/www.dartem.cat\/es\/#website\",\"url\":\"https:\/\/www.dartem.cat\/es\/\",\"name\":\"Dartem\",\"description\":\"Protecci\u00f3 de dades i Seguretat de la informaci\u00f3\",\"potentialAction\":[{\"@type\":\"SearchAction\",\"target\":{\"@type\":\"EntryPoint\",\"urlTemplate\":\"https:\/\/www.dartem.cat\/es\/?s={search_term_string}\"},\"query-input\":{\"@type\":\"PropertyValueSpecification\",\"valueRequired\":true,\"valueName\":\"search_term_string\"}}],\"inLanguage\":\"es\"}]}<\/script>\n<!-- \/ Yoast SEO plugin. -->","yoast_head_json":{"title":"Newsletter - Dartem","description":"Quieres recibir nuestra newsletter? Si estas interesado en recibir informaci\u00f3n sobre nuestros servicios, rellena los siguientes datos.","robots":{"index":"index","follow":"follow","max-snippet":"max-snippet:-1","max-image-preview":"max-image-preview:large","max-video-preview":"max-video-preview:-1"},"canonical":"https:\/\/www.dartem.cat\/es\/newsletter\/","og_locale":"es_ES","og_type":"article","og_title":"Newsletter - Dartem","og_description":"Quieres recibir nuestra newsletter? Si estas interesado en recibir informaci\u00f3n sobre nuestros servicios, rellena los siguientes datos.","og_url":"https:\/\/www.dartem.cat\/es\/newsletter\/","og_site_name":"Dartem","article_modified_time":"2023-01-16T15:26:15+00:00","twitter_card":"summary_large_image","twitter_misc":{"Tiempo de lectura":"6 minutos"},"schema":{"@context":"https:\/\/schema.org","@graph":[{"@type":"WebPage","@id":"https:\/\/www.dartem.cat\/es\/newsletter\/","url":"https:\/\/www.dartem.cat\/es\/newsletter\/","name":"Newsletter - Dartem","isPartOf":{"@id":"https:\/\/www.dartem.cat\/es\/#website"},"datePublished":"2021-02-02T12:44:28+00:00","dateModified":"2023-01-16T15:26:15+00:00","description":"Quieres recibir nuestra newsletter? Si estas interesado en recibir informaci\u00f3n sobre nuestros servicios, rellena los siguientes datos.","breadcrumb":{"@id":"https:\/\/www.dartem.cat\/es\/newsletter\/#breadcrumb"},"inLanguage":"es","potentialAction":[{"@type":"ReadAction","target":["https:\/\/www.dartem.cat\/es\/newsletter\/"]}]},{"@type":"BreadcrumbList","@id":"https:\/\/www.dartem.cat\/es\/newsletter\/#breadcrumb","itemListElement":[{"@type":"ListItem","position":1,"name":"Portada","item":"https:\/\/www.dartem.cat\/es\/"},{"@type":"ListItem","position":2,"name":"Newsletter"}]},{"@type":"WebSite","@id":"https:\/\/www.dartem.cat\/es\/#website","url":"https:\/\/www.dartem.cat\/es\/","name":"Dartem","description":"Protecci\u00f3 de dades i Seguretat de la informaci\u00f3","potentialAction":[{"@type":"SearchAction","target":{"@type":"EntryPoint","urlTemplate":"https:\/\/www.dartem.cat\/es\/?s={search_term_string}"},"query-input":{"@type":"PropertyValueSpecification","valueRequired":true,"valueName":"search_term_string"}}],"inLanguage":"es"}]}},"_links":{"self":[{"href":"https:\/\/www.dartem.cat\/es\/wp-json\/wp\/v2\/pages\/1588"}],"collection":[{"href":"https:\/\/www.dartem.cat\/es\/wp-json\/wp\/v2\/pages"}],"about":[{"href":"https:\/\/www.dartem.cat\/es\/wp-json\/wp\/v2\/types\/page"}],"author":[{"embeddable":true,"href":"https:\/\/www.dartem.cat\/es\/wp-json\/wp\/v2\/users\/2"}],"replies":[{"embeddable":true,"href":"https:\/\/www.dartem.cat\/es\/wp-json\/wp\/v2\/comments?post=1588"}],"version-history":[{"count":16,"href":"https:\/\/www.dartem.cat\/es\/wp-json\/wp\/v2\/pages\/1588\/revisions"}],"predecessor-version":[{"id":2216,"href":"https:\/\/www.dartem.cat\/es\/wp-json\/wp\/v2\/pages\/1588\/revisions\/2216"}],"wp:attachment":[{"href":"https:\/\/www.dartem.cat\/es\/wp-json\/wp\/v2\/media?parent=1588"}],"curies":[{"name":"wp","href":"https:\/\/api.w.org\/{rel}","templated":true}]}}