{"id":1581,"date":"2021-01-26T09:14:28","date_gmt":"2021-01-26T08:14:28","guid":{"rendered":"https:\/\/www.dartem.cat\/empresa\/"},"modified":"2023-01-16T16:25:10","modified_gmt":"2023-01-16T15:25:10","slug":"empresa","status":"publish","type":"page","link":"https:\/\/www.dartem.cat\/es\/empresa\/","title":{"rendered":"Empresa"},"content":{"rendered":"<p>[et_pb_section fb_built=\u00bb1&#8243; fullwidth=\u00bbon\u00bb _builder_version=\u00bb4.8.1&#8243; _module_preset=\u00bbdefault\u00bb height=\u00bb400px\u00bb custom_margin=\u00bb||0px||false|false\u00bb hover_enabled=\u00bb0&#8243; locked=\u00bboff\u00bb sticky_enabled=\u00bb0&#8243;][et_pb_fullwidth_slider _builder_version=\u00bb4.8.1&#8243; _module_preset=\u00bbdefault\u00bb header_level=\u00bbh1&#8243; hover_enabled=\u00bb0&#8243; sticky_enabled=\u00bb0&#8243;][et_pb_slide heading=\u00bbEmpresa\u00bb _builder_version=\u00bb4.8.1&#8243; _module_preset=\u00bbdefault\u00bb header_level=\u00bbh1&#8243; header_font=\u00bbPoppins|800|||||||\u00bb header_text_align=\u00bbright\u00bb header_font_size=\u00bb66px\u00bb background_color=\u00bbRGBA(0,0,0,0)\u00bb background_enable_color=\u00bbon\u00bb use_background_color_gradient=\u00bbon\u00bb background_color_gradient_start=\u00bbrgba(0,0,0,0.49)\u00bb background_color_gradient_end=\u00bbrgba(0,0,0,0.45)\u00bb background_color_gradient_overlays_image=\u00bbon\u00bb background_image=\u00bbhttps:\/\/www.dartem.cat\/wp-content\/uploads\/2021\/01\/foto-empresa-2.jpg\u00bb background_enable_image=\u00bbon\u00bb custom_padding=\u00bb200px|200px||0px|false|false\u00bb custom_padding_tablet=\u00bb\u00bb custom_padding_phone=\u00bb|0px|||false|false\u00bb custom_padding_last_edited=\u00bbon|phone\u00bb hover_enabled=\u00bb0&#8243; header_font_size_tablet=\u00bb\u00bb header_font_size_phone=\u00bb54px\u00bb header_font_size_last_edited=\u00bbon|phone\u00bb header_font_size__hover_enabled=\u00bboff|desktop\u00bb sticky_transition=\u00bbon\u00bb title_text=\u00bbEmpresa\u00bb alt=\u00bbEmpresa\u00bb sticky_enabled=\u00bb0&#8243;][\/et_pb_slide][\/et_pb_fullwidth_slider][\/et_pb_section][et_pb_section fb_built=\u00bb1&#8243; _builder_version=\u00bb4.8.1&#8243; _module_preset=\u00bbdefault\u00bb custom_margin=\u00bb||16px||false|false\u00bb custom_padding=\u00bb||39px|||\u00bb box_shadow_style=\u00bbpreset3&#8243;][et_pb_row column_structure=\u00bb3_5,2_5&#8243; _builder_version=\u00bb4.8.1&#8243; _module_preset=\u00bbdefault\u00bb max_width=\u00bb1362px\u00bb][et_pb_column type=\u00bb3_5&#8243; _builder_version=\u00bb4.8.1&#8243; _module_preset=\u00bbdefault\u00bb][et_pb_text _builder_version=\u00bb4.8.1&#8243; _module_preset=\u00bbdefault\u00bb text_line_height=\u00bb1.6em\u00bb text_orientation=\u00bbjustified\u00bb custom_padding=\u00bb|||19px|false|false\u00bb border_width_left=\u00bb2px\u00bb border_color_left=\u00bb#C00049&#8243;]<\/p>\n<p><span style=\"color: #c00049;\"><strong>LEGISLACI\u00d3N Y NUEVAS TECNOLOG\u00cdAS, S.L.<\/strong><\/span>, es una empresa consultora que nace de la uni\u00f3n de profesionales especializados en los campos, empresarial, jur\u00eddico e inform\u00e1tico, para ofrecer el mejor servicio en el sector de las nuevas tecnolog\u00edas de la informaci\u00f3n y la comunicaci\u00f3n.<\/p>\n<p>Desde el a\u00f1o 2002 proporcionamos servicios de consultor\u00eda en <span style=\"color: #c00049;\"><strong>PROTECCI\u00d3N DE DATOS<\/strong><\/span> y <span style=\"color: #c00049;\"><strong>LSSI<\/strong><\/span> con la marca DARTEM, que hemos ido ampliando con otros tipos de servicios como son la consultor\u00eda en <span style=\"color: #c00049;\"><strong>SEGURIDAD DE LA INFORMACI\u00d3N (ISO27001)<\/strong><\/span>, el asesoramiento para la implantaci\u00f3n de la C<span style=\"color: #c00049;\"><strong>ALIDAD EN SERVICIOS TI (ISO2000)<\/strong><\/span>, as\u00ed como soluciones de <strong><span style=\"color: #c00049;\">GESTI\u00d3N DOCUMENTAL<\/span><\/strong>.<\/p>\n<p>Disponemos de profesionales altamente cualificados del mundo de la inform\u00e1tica, del derecho de las telecomunicaciones y de la empresa, para ofrecer a nuestros clientes las mejores soluciones para la adecuaci\u00f3n de su actividad a las nuevas obligaciones legales que les afecten y para mejorar su gesti\u00f3n.<\/p>\n<p>Nuestro m\u00e9todo de trabajo combina la experiencia y el conocimiento de nuestros profesionales, con el fin de ofrecer un servicio que le ayude a cumplir con la Ley y optimice la gesti\u00f3n de su negocio.<\/p>\n<p>[\/et_pb_text][\/et_pb_column][et_pb_column type=\u00bb2_5&#8243; _builder_version=\u00bb4.8.1&#8243; _module_preset=\u00bbdefault\u00bb][et_pb_image src=\u00bbhttps:\/\/www.dartem.cat\/\/wp-content\/uploads\/2021\/01\/edificios.jpg\u00bb title_text=\u00bbedificios\u00bb align=\u00bbcenter\u00bb _builder_version=\u00bb4.8.1&#8243; _module_preset=\u00bbdefault\u00bb border_color_right=\u00bb#C00049&#8243; border_color_bottom=\u00bb#C00049&#8243; box_shadow_style=\u00bbpreset2&#8243;][\/et_pb_image][\/et_pb_column][\/et_pb_row][\/et_pb_section]<\/p>\n","protected":false},"excerpt":{"rendered":"<p>LEGISLACI\u00d3N Y NUEVAS TECNOLOG\u00cdAS, S.L., es una empresa consultora que nace de la uni\u00f3n de profesionales especializados en los campos, empresarial, jur\u00eddico e inform\u00e1tico, para ofrecer el mejor servicio en el sector de las nuevas tecnolog\u00edas de la informaci\u00f3n y la comunicaci\u00f3n. Desde el a\u00f1o 2002 proporcionamos servicios de consultor\u00eda en PROTECCI\u00d3N DE DATOS y [&hellip;]<\/p>\n","protected":false},"author":2,"featured_media":0,"parent":0,"menu_order":0,"comment_status":"closed","ping_status":"closed","template":"","meta":{"_et_pb_use_builder":"on","_et_pb_old_content":"","_et_gb_content_width":"","footnotes":""},"class_list":["post-1581","page","type-page","status-publish","hentry"],"yoast_head":"<!-- This site is optimized with the Yoast SEO plugin v23.5 - https:\/\/yoast.com\/wordpress\/plugins\/seo\/ -->\n<title>Empresa - Dartem<\/title>\n<meta name=\"description\" content=\"Desde Dart proporcionamos protecci\u00f3n de datos y LSSI, consultor\u00eda en seguridad de la informaci\u00f3n, soluciones de gesti\u00f3n documental, etc.\" \/>\n<meta name=\"robots\" content=\"index, follow, max-snippet:-1, max-image-preview:large, max-video-preview:-1\" \/>\n<link rel=\"canonical\" href=\"https:\/\/www.dartem.cat\/es\/empresa\/\" \/>\n<meta property=\"og:locale\" content=\"es_ES\" \/>\n<meta property=\"og:type\" content=\"article\" \/>\n<meta property=\"og:title\" content=\"Empresa - Dartem\" \/>\n<meta property=\"og:description\" content=\"Desde Dart proporcionamos protecci\u00f3n de datos y LSSI, consultor\u00eda en seguridad de la informaci\u00f3n, soluciones de gesti\u00f3n documental, etc.\" \/>\n<meta property=\"og:url\" content=\"https:\/\/www.dartem.cat\/es\/empresa\/\" \/>\n<meta property=\"og:site_name\" content=\"Dartem\" \/>\n<meta property=\"article:modified_time\" content=\"2023-01-16T15:25:10+00:00\" \/>\n<meta name=\"twitter:card\" content=\"summary_large_image\" \/>\n<meta name=\"twitter:label1\" content=\"Tiempo de lectura\" \/>\n\t<meta name=\"twitter:data1\" content=\"3 minutos\" \/>\n<script type=\"application\/ld+json\" class=\"yoast-schema-graph\">{\"@context\":\"https:\/\/schema.org\",\"@graph\":[{\"@type\":\"WebPage\",\"@id\":\"https:\/\/www.dartem.cat\/es\/empresa\/\",\"url\":\"https:\/\/www.dartem.cat\/es\/empresa\/\",\"name\":\"Empresa - Dartem\",\"isPartOf\":{\"@id\":\"https:\/\/www.dartem.cat\/es\/#website\"},\"datePublished\":\"2021-01-26T08:14:28+00:00\",\"dateModified\":\"2023-01-16T15:25:10+00:00\",\"description\":\"Desde Dart proporcionamos protecci\u00f3n de datos y LSSI, consultor\u00eda en seguridad de la informaci\u00f3n, soluciones de gesti\u00f3n documental, etc.\",\"breadcrumb\":{\"@id\":\"https:\/\/www.dartem.cat\/es\/empresa\/#breadcrumb\"},\"inLanguage\":\"es\",\"potentialAction\":[{\"@type\":\"ReadAction\",\"target\":[\"https:\/\/www.dartem.cat\/es\/empresa\/\"]}]},{\"@type\":\"BreadcrumbList\",\"@id\":\"https:\/\/www.dartem.cat\/es\/empresa\/#breadcrumb\",\"itemListElement\":[{\"@type\":\"ListItem\",\"position\":1,\"name\":\"Portada\",\"item\":\"https:\/\/www.dartem.cat\/es\/\"},{\"@type\":\"ListItem\",\"position\":2,\"name\":\"Empresa\"}]},{\"@type\":\"WebSite\",\"@id\":\"https:\/\/www.dartem.cat\/es\/#website\",\"url\":\"https:\/\/www.dartem.cat\/es\/\",\"name\":\"Dartem\",\"description\":\"Protecci\u00f3 de dades i Seguretat de la informaci\u00f3\",\"potentialAction\":[{\"@type\":\"SearchAction\",\"target\":{\"@type\":\"EntryPoint\",\"urlTemplate\":\"https:\/\/www.dartem.cat\/es\/?s={search_term_string}\"},\"query-input\":{\"@type\":\"PropertyValueSpecification\",\"valueRequired\":true,\"valueName\":\"search_term_string\"}}],\"inLanguage\":\"es\"}]}<\/script>\n<!-- \/ Yoast SEO plugin. -->","yoast_head_json":{"title":"Empresa - Dartem","description":"Desde Dart proporcionamos protecci\u00f3n de datos y LSSI, consultor\u00eda en seguridad de la informaci\u00f3n, soluciones de gesti\u00f3n documental, etc.","robots":{"index":"index","follow":"follow","max-snippet":"max-snippet:-1","max-image-preview":"max-image-preview:large","max-video-preview":"max-video-preview:-1"},"canonical":"https:\/\/www.dartem.cat\/es\/empresa\/","og_locale":"es_ES","og_type":"article","og_title":"Empresa - Dartem","og_description":"Desde Dart proporcionamos protecci\u00f3n de datos y LSSI, consultor\u00eda en seguridad de la informaci\u00f3n, soluciones de gesti\u00f3n documental, etc.","og_url":"https:\/\/www.dartem.cat\/es\/empresa\/","og_site_name":"Dartem","article_modified_time":"2023-01-16T15:25:10+00:00","twitter_card":"summary_large_image","twitter_misc":{"Tiempo de lectura":"3 minutos"},"schema":{"@context":"https:\/\/schema.org","@graph":[{"@type":"WebPage","@id":"https:\/\/www.dartem.cat\/es\/empresa\/","url":"https:\/\/www.dartem.cat\/es\/empresa\/","name":"Empresa - Dartem","isPartOf":{"@id":"https:\/\/www.dartem.cat\/es\/#website"},"datePublished":"2021-01-26T08:14:28+00:00","dateModified":"2023-01-16T15:25:10+00:00","description":"Desde Dart proporcionamos protecci\u00f3n de datos y LSSI, consultor\u00eda en seguridad de la informaci\u00f3n, soluciones de gesti\u00f3n documental, etc.","breadcrumb":{"@id":"https:\/\/www.dartem.cat\/es\/empresa\/#breadcrumb"},"inLanguage":"es","potentialAction":[{"@type":"ReadAction","target":["https:\/\/www.dartem.cat\/es\/empresa\/"]}]},{"@type":"BreadcrumbList","@id":"https:\/\/www.dartem.cat\/es\/empresa\/#breadcrumb","itemListElement":[{"@type":"ListItem","position":1,"name":"Portada","item":"https:\/\/www.dartem.cat\/es\/"},{"@type":"ListItem","position":2,"name":"Empresa"}]},{"@type":"WebSite","@id":"https:\/\/www.dartem.cat\/es\/#website","url":"https:\/\/www.dartem.cat\/es\/","name":"Dartem","description":"Protecci\u00f3 de dades i Seguretat de la informaci\u00f3","potentialAction":[{"@type":"SearchAction","target":{"@type":"EntryPoint","urlTemplate":"https:\/\/www.dartem.cat\/es\/?s={search_term_string}"},"query-input":{"@type":"PropertyValueSpecification","valueRequired":true,"valueName":"search_term_string"}}],"inLanguage":"es"}]}},"_links":{"self":[{"href":"https:\/\/www.dartem.cat\/es\/wp-json\/wp\/v2\/pages\/1581"}],"collection":[{"href":"https:\/\/www.dartem.cat\/es\/wp-json\/wp\/v2\/pages"}],"about":[{"href":"https:\/\/www.dartem.cat\/es\/wp-json\/wp\/v2\/types\/page"}],"author":[{"embeddable":true,"href":"https:\/\/www.dartem.cat\/es\/wp-json\/wp\/v2\/users\/2"}],"replies":[{"embeddable":true,"href":"https:\/\/www.dartem.cat\/es\/wp-json\/wp\/v2\/comments?post=1581"}],"version-history":[{"count":8,"href":"https:\/\/www.dartem.cat\/es\/wp-json\/wp\/v2\/pages\/1581\/revisions"}],"predecessor-version":[{"id":2208,"href":"https:\/\/www.dartem.cat\/es\/wp-json\/wp\/v2\/pages\/1581\/revisions\/2208"}],"wp:attachment":[{"href":"https:\/\/www.dartem.cat\/es\/wp-json\/wp\/v2\/media?parent=1581"}],"curies":[{"name":"wp","href":"https:\/\/api.w.org\/{rel}","templated":true}]}}