{"id":1576,"date":"2021-02-02T14:18:09","date_gmt":"2021-02-02T13:18:09","guid":{"rendered":"https:\/\/www.dartem.cat\/lssi\/"},"modified":"2023-01-16T16:26:00","modified_gmt":"2023-01-16T15:26:00","slug":"lssi","status":"publish","type":"page","link":"https:\/\/www.dartem.cat\/es\/lssi\/","title":{"rendered":"LSSI"},"content":{"rendered":"<p>[et_pb_section fb_built=\u00bb1&#8243; fullwidth=\u00bbon\u00bb _builder_version=\u00bb4.8.1&#8243; _module_preset=\u00bbdefault\u00bb height=\u00bb400px\u00bb custom_margin=\u00bb||0px||false|false\u00bb locked=\u00bboff\u00bb][et_pb_fullwidth_slider _builder_version=\u00bb4.8.1&#8243; _module_preset=\u00bbdefault\u00bb header_level=\u00bbh1&#8243; hover_enabled=\u00bb0&#8243; sticky_enabled=\u00bb0&#8243;][et_pb_slide heading=\u00bbLSSI\u00bb _builder_version=\u00bb4.8.1&#8243; _module_preset=\u00bbdefault\u00bb header_level=\u00bbh1&#8243; header_font=\u00bbPoppins|800|||||||\u00bb header_text_align=\u00bbright\u00bb header_font_size=\u00bb66px\u00bb body_text_align=\u00bbright\u00bb body_font_size=\u00bb40px\u00bb body_line_height=\u00bb1.8em\u00bb background_color=\u00bbRGBA(0,0,0,0)\u00bb background_enable_color=\u00bbon\u00bb use_background_color_gradient=\u00bbon\u00bb background_color_gradient_start=\u00bbrgba(0,0,0,0.49)\u00bb background_color_gradient_end=\u00bbrgba(0,0,0,0.45)\u00bb background_color_gradient_overlays_image=\u00bbon\u00bb background_image=\u00bbhttps:\/\/www.dartem.cat\/\/wp-content\/uploads\/2021\/01\/banner-servicios.jpg\u00bb background_enable_image=\u00bbon\u00bb text_orientation=\u00bbright\u00bb custom_padding=\u00bb200px|200px||0px|false|false\u00bb custom_padding_tablet=\u00bb\u00bb custom_padding_phone=\u00bb|0px|||false|false\u00bb custom_padding_last_edited=\u00bbon|phone\u00bb hover_enabled=\u00bb0&#8243; header_font_size_tablet=\u00bb\u00bb header_font_size_phone=\u00bb34px\u00bb header_font_size_last_edited=\u00bbon|phone\u00bb body_font_size_tablet=\u00bb\u00bb body_font_size_phone=\u00bb31px\u00bb body_font_size_last_edited=\u00bbon|phone\u00bb header_font_size__hover_enabled=\u00bboff|desktop\u00bb sticky_transition=\u00bbon\u00bb sticky_enabled=\u00bb0&#8243;]<\/p>\n<p>Servicios<\/p>\n<p>[\/et_pb_slide][\/et_pb_fullwidth_slider][\/et_pb_section][et_pb_section fb_built=\u00bb1&#8243; _builder_version=\u00bb4.8.1&#8243; _module_preset=\u00bbdefault\u00bb][et_pb_row use_custom_gutter=\u00bbon\u00bb gutter_width=\u00bb4&#8243; _builder_version=\u00bb4.8.1&#8243; _module_preset=\u00bbdefault\u00bb][et_pb_column type=\u00bb4_4&#8243; _builder_version=\u00bb4.8.1&#8243; _module_preset=\u00bbdefault\u00bb][et_pb_text _builder_version=\u00bb4.8.1&#8243; _module_preset=\u00bbdefault\u00bb text_font=\u00bb|700|||||||\u00bb text_text_color=\u00bb#C00049&#8243; text_font_size=\u00bb18px\u00bb custom_margin=\u00bb||15px||false|false\u00bb]<\/p>\n<p>Dartem<\/p>\n<p>[\/et_pb_text][et_pb_text _builder_version=\u00bb4.8.1&#8243; _module_preset=\u00bbdefault\u00bb text_font=\u00bbPoppins|700|||||||\u00bb text_font_size=\u00bb20px\u00bb custom_margin=\u00bb||15px||false|false\u00bb]<\/p>\n<h2><strong>LSSI<\/strong><\/h2>\n<p>[\/et_pb_text][et_pb_divider color=\u00bb#C00049&#8243; divider_weight=\u00bb4px\u00bb _builder_version=\u00bb4.8.1&#8243; _module_preset=\u00bbdefault\u00bb width=\u00bb4%\u00bb custom_margin=\u00bb||10px||false|false\u00bb][\/et_pb_divider][et_pb_text _builder_version=\u00bb4.8.1&#8243; _module_preset=\u00bbdefault\u00bb text_font_size=\u00bb16px\u00bb text_line_height=\u00bb2em\u00bb]<\/p>\n<p>La Ley 34\/2002, de 11 de julio de Servicios de la Sociedad de Informaci\u00f3n y Comercio Electr\u00f3nico (LSSICE), se aplica a todas las actividades que se realicen por medios electr\u00f3nicos y tengan car\u00e1cter comercial o persigan una finalidad econ\u00f3mica.<\/p>\n<p>DART asesora a sus clientes para el cumplimiento de la LSSICE.<\/p>\n<p>Esta normativa establece una serie de obligaciones para los prestadores de servicios de la sociedad de la informaci\u00f3n y para las empresas y profesionales que tienen una web o bien utilizan el correo electr\u00f3nico con fines comerciales.<\/p>\n<p>Dart ofrece un servicio personalizado para cubrir las obligaciones impuestas por la LSSICE. Realizamos para cada cliente un an\u00e1lisis espec\u00edfico para proporcionarle la tranquilidad de estar cumpliendo con la normativa vigente y evitar sanciones que pueden ir hasta los 30.000 \u20ac para las infracciones m\u00e1s leves, y hasta los 600.000 \u20ac, m\u00e1ximo establecido por las infracciones muy graves <\/p>\n<p>[\/et_pb_text][\/et_pb_column][\/et_pb_row][et_pb_row _builder_version=\u00bb4.8.1&#8243; _module_preset=\u00bbdefault\u00bb custom_padding=\u00bb||0px|||\u00bb][et_pb_column type=\u00bb4_4&#8243; _builder_version=\u00bb4.8.1&#8243; _module_preset=\u00bbdefault\u00bb][et_pb_text _builder_version=\u00bb4.8.1&#8243; _module_preset=\u00bbdefault\u00bb custom_margin=\u00bb||15px||false|false\u00bb]<\/p>\n<h2><b>Servicios LSSICE<\/b><\/h2>\n<p>[\/et_pb_text][et_pb_divider color=\u00bb#C00049&#8243; divider_weight=\u00bb4px\u00bb _builder_version=\u00bb4.8.1&#8243; _module_preset=\u00bbdefault\u00bb width=\u00bb7%\u00bb custom_margin=\u00bb||10px||false|false\u00bb][\/et_pb_divider][\/et_pb_column][\/et_pb_row][et_pb_row use_custom_gutter=\u00bbon\u00bb gutter_width=\u00bb2&#8243; _builder_version=\u00bb4.8.1&#8243; _module_preset=\u00bbdefault\u00bb custom_padding=\u00bb4px|||||\u00bb][et_pb_column type=\u00bb4_4&#8243; _builder_version=\u00bb4.8.1&#8243; _module_preset=\u00bbdefault\u00bb][et_pb_text _builder_version=\u00bb4.8.1&#8243; _module_preset=\u00bbdefault\u00bb text_font_size=\u00bb16px\u00bb]<\/p>\n<ul>\n<li>An\u00e1lisis y adaptaci\u00f3n de su p\u00e1gina web a la LSSICE.<\/li>\n<li>Revisi\u00f3n y \/ o establecimiento de las condiciones de contrataci\u00f3n a trav\u00e9s de comercio electr\u00f3nico en la web.<\/li>\n<li>Consultor\u00eda para el env\u00edo de informaci\u00f3n comercial por medios electr\u00f3nicos.<\/li>\n<li>Auditor\u00eda de cookies.<\/li>\n<\/ul>\n<p>[\/et_pb_text][\/et_pb_column][\/et_pb_row][\/et_pb_section]<\/p>\n","protected":false},"excerpt":{"rendered":"<p>ServiciosDartemLSSILa Ley 34\/2002, de 11 de julio de Servicios de la Sociedad de Informaci\u00f3n y Comercio Electr\u00f3nico (LSSICE), se aplica a todas las actividades que se realicen por medios electr\u00f3nicos y tengan car\u00e1cter comercial o persigan una finalidad econ\u00f3mica. DART asesora a sus clientes para el cumplimiento de la LSSICE. Esta normativa establece una serie [&hellip;]<\/p>\n","protected":false},"author":2,"featured_media":0,"parent":0,"menu_order":0,"comment_status":"closed","ping_status":"closed","template":"","meta":{"_et_pb_use_builder":"on","_et_pb_old_content":"","_et_gb_content_width":"","footnotes":""},"class_list":["post-1576","page","type-page","status-publish","hentry"],"yoast_head":"<!-- This site is optimized with the Yoast SEO plugin v23.5 - https:\/\/yoast.com\/wordpress\/plugins\/seo\/ -->\n<title>LSSI - Dartem<\/title>\n<meta name=\"description\" content=\"En Dartem asesoramos a nuestros clientes para el cumplimiento de la LSSICE. Realizamos para cada cliente un an\u00e1lisis espec\u00edfico.\" \/>\n<meta name=\"robots\" content=\"index, follow, max-snippet:-1, max-image-preview:large, max-video-preview:-1\" \/>\n<link rel=\"canonical\" href=\"https:\/\/www.dartem.cat\/es\/lssi\/\" \/>\n<meta property=\"og:locale\" content=\"es_ES\" \/>\n<meta property=\"og:type\" content=\"article\" \/>\n<meta property=\"og:title\" content=\"LSSI - Dartem\" \/>\n<meta property=\"og:description\" content=\"En Dartem asesoramos a nuestros clientes para el cumplimiento de la LSSICE. Realizamos para cada cliente un an\u00e1lisis espec\u00edfico.\" \/>\n<meta property=\"og:url\" content=\"https:\/\/www.dartem.cat\/es\/lssi\/\" \/>\n<meta property=\"og:site_name\" content=\"Dartem\" \/>\n<meta property=\"article:modified_time\" content=\"2023-01-16T15:26:00+00:00\" \/>\n<meta name=\"twitter:card\" content=\"summary_large_image\" \/>\n<meta name=\"twitter:label1\" content=\"Tiempo de lectura\" \/>\n\t<meta name=\"twitter:data1\" content=\"3 minutos\" \/>\n<script type=\"application\/ld+json\" class=\"yoast-schema-graph\">{\"@context\":\"https:\/\/schema.org\",\"@graph\":[{\"@type\":\"WebPage\",\"@id\":\"https:\/\/www.dartem.cat\/es\/lssi\/\",\"url\":\"https:\/\/www.dartem.cat\/es\/lssi\/\",\"name\":\"LSSI - Dartem\",\"isPartOf\":{\"@id\":\"https:\/\/www.dartem.cat\/es\/#website\"},\"datePublished\":\"2021-02-02T13:18:09+00:00\",\"dateModified\":\"2023-01-16T15:26:00+00:00\",\"description\":\"En Dartem asesoramos a nuestros clientes para el cumplimiento de la LSSICE. Realizamos para cada cliente un an\u00e1lisis espec\u00edfico.\",\"breadcrumb\":{\"@id\":\"https:\/\/www.dartem.cat\/es\/lssi\/#breadcrumb\"},\"inLanguage\":\"es\",\"potentialAction\":[{\"@type\":\"ReadAction\",\"target\":[\"https:\/\/www.dartem.cat\/es\/lssi\/\"]}]},{\"@type\":\"BreadcrumbList\",\"@id\":\"https:\/\/www.dartem.cat\/es\/lssi\/#breadcrumb\",\"itemListElement\":[{\"@type\":\"ListItem\",\"position\":1,\"name\":\"Portada\",\"item\":\"https:\/\/www.dartem.cat\/es\/\"},{\"@type\":\"ListItem\",\"position\":2,\"name\":\"LSSI\"}]},{\"@type\":\"WebSite\",\"@id\":\"https:\/\/www.dartem.cat\/es\/#website\",\"url\":\"https:\/\/www.dartem.cat\/es\/\",\"name\":\"Dartem\",\"description\":\"Protecci\u00f3 de dades i Seguretat de la informaci\u00f3\",\"potentialAction\":[{\"@type\":\"SearchAction\",\"target\":{\"@type\":\"EntryPoint\",\"urlTemplate\":\"https:\/\/www.dartem.cat\/es\/?s={search_term_string}\"},\"query-input\":{\"@type\":\"PropertyValueSpecification\",\"valueRequired\":true,\"valueName\":\"search_term_string\"}}],\"inLanguage\":\"es\"}]}<\/script>\n<!-- \/ Yoast SEO plugin. -->","yoast_head_json":{"title":"LSSI - Dartem","description":"En Dartem asesoramos a nuestros clientes para el cumplimiento de la LSSICE. Realizamos para cada cliente un an\u00e1lisis espec\u00edfico.","robots":{"index":"index","follow":"follow","max-snippet":"max-snippet:-1","max-image-preview":"max-image-preview:large","max-video-preview":"max-video-preview:-1"},"canonical":"https:\/\/www.dartem.cat\/es\/lssi\/","og_locale":"es_ES","og_type":"article","og_title":"LSSI - Dartem","og_description":"En Dartem asesoramos a nuestros clientes para el cumplimiento de la LSSICE. Realizamos para cada cliente un an\u00e1lisis espec\u00edfico.","og_url":"https:\/\/www.dartem.cat\/es\/lssi\/","og_site_name":"Dartem","article_modified_time":"2023-01-16T15:26:00+00:00","twitter_card":"summary_large_image","twitter_misc":{"Tiempo de lectura":"3 minutos"},"schema":{"@context":"https:\/\/schema.org","@graph":[{"@type":"WebPage","@id":"https:\/\/www.dartem.cat\/es\/lssi\/","url":"https:\/\/www.dartem.cat\/es\/lssi\/","name":"LSSI - Dartem","isPartOf":{"@id":"https:\/\/www.dartem.cat\/es\/#website"},"datePublished":"2021-02-02T13:18:09+00:00","dateModified":"2023-01-16T15:26:00+00:00","description":"En Dartem asesoramos a nuestros clientes para el cumplimiento de la LSSICE. Realizamos para cada cliente un an\u00e1lisis espec\u00edfico.","breadcrumb":{"@id":"https:\/\/www.dartem.cat\/es\/lssi\/#breadcrumb"},"inLanguage":"es","potentialAction":[{"@type":"ReadAction","target":["https:\/\/www.dartem.cat\/es\/lssi\/"]}]},{"@type":"BreadcrumbList","@id":"https:\/\/www.dartem.cat\/es\/lssi\/#breadcrumb","itemListElement":[{"@type":"ListItem","position":1,"name":"Portada","item":"https:\/\/www.dartem.cat\/es\/"},{"@type":"ListItem","position":2,"name":"LSSI"}]},{"@type":"WebSite","@id":"https:\/\/www.dartem.cat\/es\/#website","url":"https:\/\/www.dartem.cat\/es\/","name":"Dartem","description":"Protecci\u00f3 de dades i Seguretat de la informaci\u00f3","potentialAction":[{"@type":"SearchAction","target":{"@type":"EntryPoint","urlTemplate":"https:\/\/www.dartem.cat\/es\/?s={search_term_string}"},"query-input":{"@type":"PropertyValueSpecification","valueRequired":true,"valueName":"search_term_string"}}],"inLanguage":"es"}]}},"_links":{"self":[{"href":"https:\/\/www.dartem.cat\/es\/wp-json\/wp\/v2\/pages\/1576"}],"collection":[{"href":"https:\/\/www.dartem.cat\/es\/wp-json\/wp\/v2\/pages"}],"about":[{"href":"https:\/\/www.dartem.cat\/es\/wp-json\/wp\/v2\/types\/page"}],"author":[{"embeddable":true,"href":"https:\/\/www.dartem.cat\/es\/wp-json\/wp\/v2\/users\/2"}],"replies":[{"embeddable":true,"href":"https:\/\/www.dartem.cat\/es\/wp-json\/wp\/v2\/comments?post=1576"}],"version-history":[{"count":10,"href":"https:\/\/www.dartem.cat\/es\/wp-json\/wp\/v2\/pages\/1576\/revisions"}],"predecessor-version":[{"id":2214,"href":"https:\/\/www.dartem.cat\/es\/wp-json\/wp\/v2\/pages\/1576\/revisions\/2214"}],"wp:attachment":[{"href":"https:\/\/www.dartem.cat\/es\/wp-json\/wp\/v2\/media?parent=1576"}],"curies":[{"name":"wp","href":"https:\/\/api.w.org\/{rel}","templated":true}]}}