{"id":1558,"date":"2021-02-02T14:27:42","date_gmt":"2021-02-02T13:27:42","guid":{"rendered":"https:\/\/www.dartem.cat\/gestion-documental\/"},"modified":"2023-01-16T16:25:26","modified_gmt":"2023-01-16T15:25:26","slug":"gestion-documental","status":"publish","type":"page","link":"https:\/\/www.dartem.cat\/es\/gestion-documental\/","title":{"rendered":"Gesti\u00f3n documental"},"content":{"rendered":"<p>[et_pb_section fb_built=\u00bb1&#8243; fullwidth=\u00bbon\u00bb _builder_version=\u00bb4.8.1&#8243; _module_preset=\u00bbdefault\u00bb height=\u00bb400px\u00bb custom_margin=\u00bb||0px||false|false\u00bb hover_enabled=\u00bb0&#8243; locked=\u00bboff\u00bb sticky_enabled=\u00bb0&#8243;][et_pb_fullwidth_slider _builder_version=\u00bb4.8.1&#8243; _module_preset=\u00bbdefault\u00bb header_level=\u00bbh1&#8243; hover_enabled=\u00bb0&#8243; sticky_enabled=\u00bb0&#8243;][et_pb_slide heading=\u00bbGesti\u00f3n documental\u00bb _builder_version=\u00bb4.8.1&#8243; _module_preset=\u00bbdefault\u00bb header_level=\u00bbh1&#8243; header_font=\u00bbPoppins|800|||||||\u00bb header_text_align=\u00bbright\u00bb header_font_size=\u00bb66px\u00bb body_text_align=\u00bbright\u00bb body_font_size=\u00bb40px\u00bb body_line_height=\u00bb1.8em\u00bb background_color=\u00bbRGBA(0,0,0,0)\u00bb background_enable_color=\u00bbon\u00bb use_background_color_gradient=\u00bbon\u00bb background_color_gradient_start=\u00bbrgba(0,0,0,0.49)\u00bb background_color_gradient_end=\u00bbrgba(0,0,0,0.45)\u00bb background_color_gradient_overlays_image=\u00bbon\u00bb background_image=\u00bbhttps:\/\/www.dartem.cat\/\/wp-content\/uploads\/2021\/01\/banner-servicios.jpg\u00bb background_enable_image=\u00bbon\u00bb text_orientation=\u00bbright\u00bb custom_padding=\u00bb200px|200px||0px|false|false\u00bb custom_padding_tablet=\u00bb\u00bb custom_padding_phone=\u00bb|0px|||false|false\u00bb custom_padding_last_edited=\u00bbon|phone\u00bb hover_enabled=\u00bb0&#8243; header_font_size_tablet=\u00bb\u00bb header_font_size_phone=\u00bb34px\u00bb header_font_size_last_edited=\u00bbon|phone\u00bb body_font_size_tablet=\u00bb\u00bb body_font_size_phone=\u00bb31px\u00bb body_font_size_last_edited=\u00bbon|phone\u00bb header_font_size__hover_enabled=\u00bboff|desktop\u00bb sticky_transition=\u00bbon\u00bb sticky_enabled=\u00bb0&#8243;]<\/p>\n<p>Servicios<\/p>\n<p>[\/et_pb_slide][\/et_pb_fullwidth_slider][\/et_pb_section][et_pb_section fb_built=\u00bb1&#8243; _builder_version=\u00bb4.8.1&#8243; _module_preset=\u00bbdefault\u00bb][et_pb_row use_custom_gutter=\u00bbon\u00bb gutter_width=\u00bb4&#8243; _builder_version=\u00bb4.8.1&#8243; _module_preset=\u00bbdefault\u00bb][et_pb_column type=\u00bb4_4&#8243; _builder_version=\u00bb4.8.1&#8243; _module_preset=\u00bbdefault\u00bb][et_pb_text _builder_version=\u00bb4.8.1&#8243; _module_preset=\u00bbdefault\u00bb text_font=\u00bb|700|||||||\u00bb text_text_color=\u00bb#C00049&#8243; text_font_size=\u00bb18px\u00bb custom_margin=\u00bb||15px||false|false\u00bb]<\/p>\n<p>Dartem<\/p>\n<p>[\/et_pb_text][et_pb_text _builder_version=\u00bb4.8.1&#8243; _module_preset=\u00bbdefault\u00bb text_font=\u00bbPoppins|700|||||||\u00bb text_font_size=\u00bb20px\u00bb custom_margin=\u00bb||15px||false|false\u00bb]<\/p>\n<h2><strong>Gesti\u00f3n documental<\/strong><\/h2>\n<p>[\/et_pb_text][et_pb_divider color=\u00bb#C00049&#8243; divider_weight=\u00bb4px\u00bb _builder_version=\u00bb4.8.1&#8243; _module_preset=\u00bbdefault\u00bb width=\u00bb11%\u00bb custom_margin=\u00bb||10px||false|false\u00bb][\/et_pb_divider][et_pb_text _builder_version=\u00bb4.8.1&#8243; _module_preset=\u00bbdefault\u00bb text_font_size=\u00bb16px\u00bb text_line_height=\u00bb2em\u00bb]<\/p>\n<p>La mayor parte de la informaci\u00f3n que manipulan las empresas corresponde a contenidos no estructurados, como documentos de texto, im\u00e1genes escaneadas o correos electr\u00f3nicos. Muchos de estos contenidos se encuentran incluso fuera del control de la organizaci\u00f3n, y su gesti\u00f3n se vuelve cada d\u00eda m\u00e1s compleja. La organizaci\u00f3n y centralizaci\u00f3n de la informaci\u00f3n, su clasificaci\u00f3n y distribuci\u00f3n de forma segura, el cumplimiento de est\u00e1ndares y regulaciones y la optimizaci\u00f3n de los procesos de negocio son algunos de los retos m\u00e1s comunes de las empresas en la actualidad.<\/p>\n<p>La implantaci\u00f3n de un sistema de gesti\u00f3n documental permite afrontar esta problem\u00e1tica mediante la definici\u00f3n y realizaci\u00f3n de una serie de procesos y tareas, que hacen posible gestionar de forma \u00f3ptima todos los contenidos necesarios para el desarrollo empresarial.<\/p>\n<p>[\/et_pb_text][\/et_pb_column][\/et_pb_row][et_pb_row _builder_version=\u00bb4.8.1&#8243; _module_preset=\u00bbdefault\u00bb custom_padding=\u00bb||0px|||\u00bb][et_pb_column type=\u00bb4_4&#8243; _builder_version=\u00bb4.8.1&#8243; _module_preset=\u00bbdefault\u00bb][et_pb_text _builder_version=\u00bb4.8.1&#8243; _module_preset=\u00bbdefault\u00bb custom_margin=\u00bb||15px||false|false\u00bb]<\/p>\n<h2><b>Ventajas de la utilizaci\u00f3n de herramientas de gesti\u00f3n documental (ECM &#8211; Enterprise Content Management)<\/b><b> <\/b><\/h2>\n<p>[\/et_pb_text][et_pb_divider color=\u00bb#C00049&#8243; divider_weight=\u00bb4px\u00bb _builder_version=\u00bb4.8.1&#8243; _module_preset=\u00bbdefault\u00bb width=\u00bb11%\u00bb custom_margin=\u00bb||10px||false|false\u00bb][\/et_pb_divider][\/et_pb_column][\/et_pb_row][et_pb_row use_custom_gutter=\u00bbon\u00bb gutter_width=\u00bb2&#8243; _builder_version=\u00bb4.8.1&#8243; _module_preset=\u00bbdefault\u00bb custom_padding=\u00bb4px|||||\u00bb][et_pb_column type=\u00bb4_4&#8243; _builder_version=\u00bb4.8.1&#8243; _module_preset=\u00bbdefault\u00bb][et_pb_text _builder_version=\u00bb4.8.1&#8243; _module_preset=\u00bbdefault\u00bb text_font_size=\u00bb16px\u00bb text_line_height=\u00bb2em\u00bb]<\/p>\n<p><b>Reducci\u00f3n de costes salariales<\/b> para una mejor gesti\u00f3n y control efectivo de la informaci\u00f3n:<\/p>\n<ul>\n<li>Acceso instant\u00e1neo y sencillo a toda la documentaci\u00f3n.<\/li>\n<li>Reducci\u00f3n de los desplazamientos y de los costes de distribuci\u00f3n de documentaci\u00f3n.<\/li>\n<li>Reducci\u00f3n de tiempo de consultas y tareas de archivo.<\/li>\n<li>Reducci\u00f3n del tiempo de localizaci\u00f3n y recuperaci\u00f3n de documentos.<\/li>\n<\/ul>\n<p><b>Reducci\u00f3n de costes administrativos<\/b> para un uso racional de los recursos:<\/p>\n<ul>\n<li>Facilidad de compartir informaci\u00f3n aprovechando m\u00e1s eficientemente.<\/li>\n<li>Ahorro de espacio f\u00edsico de almacenamiento.<\/li>\n<li>Reducci\u00f3n de situaciones como la duplicidad de documentos archivados, fotocopias innecesarias, dobles grabaciones de datos, etc.<\/li>\n<\/ul>\n<p><b>Incremento de la productividad y valor a\u00f1adido:<\/b><\/p>\n<ul>\n<li>Preserva la informaci\u00f3n acumulada en los a\u00f1os de experiencia del equipo humano de las empresas. Fomenta la difusi\u00f3n de las mejores pr\u00e1cticas y los sistemas internos de trabajo mediante la normalizaci\u00f3n de los expedientes documentales.<\/li>\n<li>Incrementa la seguridad y fiabilidad de la informaci\u00f3n. Los documentos de gran valor para la organizaci\u00f3n se pueden custodiar con medios de alta seguridad, mientras que, para el uso diario, se dispone de su r\u00e9plica electr\u00f3nica. El acceso a la documentaci\u00f3n electr\u00f3nica se puede restringir y controlar mediante la asignaci\u00f3n de diferentes permisos a los usuarios.<\/li>\n<li>Mejora de la calidad del servicio. Cuando los clientes requieren documentaci\u00f3n pueden ser atendidos m\u00e1s r\u00e1pidamente.<\/li>\n<li>Mejora la gesti\u00f3n. La respuesta del sistema es m\u00e1s \u00e1gil y eficaz aportando una ventaja competitiva a la empresa.<\/li>\n<li>Mejora de los flujos de trabajo de la documentaci\u00f3n.<\/li>\n<li>Mejora de la trazabilidad de la documentaci\u00f3n as\u00ed como del cumplimiento de est\u00e1ndares y regulaciones de tratamiento y \/ o archivo de informaci\u00f3n y documentaci\u00f3n.<\/li>\n<\/ul>\n<p>[\/et_pb_text][\/et_pb_column][\/et_pb_row][\/et_pb_section]<\/p>\n","protected":false},"excerpt":{"rendered":"<p>ServiciosDartemGesti\u00f3n documentalLa mayor parte de la informaci\u00f3n que manipulan las empresas corresponde a contenidos no estructurados, como documentos de texto, im\u00e1genes escaneadas o correos electr\u00f3nicos. Muchos de estos contenidos se encuentran incluso fuera del control de la organizaci\u00f3n, y su gesti\u00f3n se vuelve cada d\u00eda m\u00e1s compleja. La organizaci\u00f3n y centralizaci\u00f3n de la informaci\u00f3n, su [&hellip;]<\/p>\n","protected":false},"author":2,"featured_media":0,"parent":0,"menu_order":0,"comment_status":"closed","ping_status":"closed","template":"","meta":{"_et_pb_use_builder":"on","_et_pb_old_content":"","_et_gb_content_width":"","footnotes":""},"class_list":["post-1558","page","type-page","status-publish","hentry"],"yoast_head":"<!-- This site is optimized with the Yoast SEO plugin v23.5 - https:\/\/yoast.com\/wordpress\/plugins\/seo\/ -->\n<title>Gesti\u00f3n documental - Dartem<\/title>\n<meta name=\"description\" content=\"Un sistema de gesti\u00f3n documental permite controlar eficazmente la creaci\u00f3n, recepci\u00f3n, mantenimiento, utilizaci\u00f3n y disposici\u00f3n de documentos.\" \/>\n<meta name=\"robots\" content=\"index, follow, max-snippet:-1, max-image-preview:large, max-video-preview:-1\" \/>\n<link rel=\"canonical\" href=\"https:\/\/www.dartem.cat\/es\/gestion-documental\/\" \/>\n<meta property=\"og:locale\" content=\"es_ES\" \/>\n<meta property=\"og:type\" content=\"article\" \/>\n<meta property=\"og:title\" content=\"Gesti\u00f3n documental - Dartem\" \/>\n<meta property=\"og:description\" content=\"Un sistema de gesti\u00f3n documental permite controlar eficazmente la creaci\u00f3n, recepci\u00f3n, mantenimiento, utilizaci\u00f3n y disposici\u00f3n de documentos.\" \/>\n<meta property=\"og:url\" content=\"https:\/\/www.dartem.cat\/es\/gestion-documental\/\" \/>\n<meta property=\"og:site_name\" content=\"Dartem\" \/>\n<meta property=\"article:modified_time\" content=\"2023-01-16T15:25:26+00:00\" \/>\n<meta name=\"twitter:card\" content=\"summary_large_image\" \/>\n<meta name=\"twitter:label1\" content=\"Tiempo de lectura\" \/>\n\t<meta name=\"twitter:data1\" content=\"5 minutos\" \/>\n<script type=\"application\/ld+json\" class=\"yoast-schema-graph\">{\"@context\":\"https:\/\/schema.org\",\"@graph\":[{\"@type\":\"WebPage\",\"@id\":\"https:\/\/www.dartem.cat\/es\/gestion-documental\/\",\"url\":\"https:\/\/www.dartem.cat\/es\/gestion-documental\/\",\"name\":\"Gesti\u00f3n documental - Dartem\",\"isPartOf\":{\"@id\":\"https:\/\/www.dartem.cat\/es\/#website\"},\"datePublished\":\"2021-02-02T13:27:42+00:00\",\"dateModified\":\"2023-01-16T15:25:26+00:00\",\"description\":\"Un sistema de gesti\u00f3n documental permite controlar eficazmente la creaci\u00f3n, recepci\u00f3n, mantenimiento, utilizaci\u00f3n y disposici\u00f3n de documentos.\",\"breadcrumb\":{\"@id\":\"https:\/\/www.dartem.cat\/es\/gestion-documental\/#breadcrumb\"},\"inLanguage\":\"es\",\"potentialAction\":[{\"@type\":\"ReadAction\",\"target\":[\"https:\/\/www.dartem.cat\/es\/gestion-documental\/\"]}]},{\"@type\":\"BreadcrumbList\",\"@id\":\"https:\/\/www.dartem.cat\/es\/gestion-documental\/#breadcrumb\",\"itemListElement\":[{\"@type\":\"ListItem\",\"position\":1,\"name\":\"Portada\",\"item\":\"https:\/\/www.dartem.cat\/es\/\"},{\"@type\":\"ListItem\",\"position\":2,\"name\":\"Gesti\u00f3n documental\"}]},{\"@type\":\"WebSite\",\"@id\":\"https:\/\/www.dartem.cat\/es\/#website\",\"url\":\"https:\/\/www.dartem.cat\/es\/\",\"name\":\"Dartem\",\"description\":\"Protecci\u00f3 de dades i Seguretat de la informaci\u00f3\",\"potentialAction\":[{\"@type\":\"SearchAction\",\"target\":{\"@type\":\"EntryPoint\",\"urlTemplate\":\"https:\/\/www.dartem.cat\/es\/?s={search_term_string}\"},\"query-input\":{\"@type\":\"PropertyValueSpecification\",\"valueRequired\":true,\"valueName\":\"search_term_string\"}}],\"inLanguage\":\"es\"}]}<\/script>\n<!-- \/ Yoast SEO plugin. -->","yoast_head_json":{"title":"Gesti\u00f3n documental - Dartem","description":"Un sistema de gesti\u00f3n documental permite controlar eficazmente la creaci\u00f3n, recepci\u00f3n, mantenimiento, utilizaci\u00f3n y disposici\u00f3n de documentos.","robots":{"index":"index","follow":"follow","max-snippet":"max-snippet:-1","max-image-preview":"max-image-preview:large","max-video-preview":"max-video-preview:-1"},"canonical":"https:\/\/www.dartem.cat\/es\/gestion-documental\/","og_locale":"es_ES","og_type":"article","og_title":"Gesti\u00f3n documental - Dartem","og_description":"Un sistema de gesti\u00f3n documental permite controlar eficazmente la creaci\u00f3n, recepci\u00f3n, mantenimiento, utilizaci\u00f3n y disposici\u00f3n de documentos.","og_url":"https:\/\/www.dartem.cat\/es\/gestion-documental\/","og_site_name":"Dartem","article_modified_time":"2023-01-16T15:25:26+00:00","twitter_card":"summary_large_image","twitter_misc":{"Tiempo de lectura":"5 minutos"},"schema":{"@context":"https:\/\/schema.org","@graph":[{"@type":"WebPage","@id":"https:\/\/www.dartem.cat\/es\/gestion-documental\/","url":"https:\/\/www.dartem.cat\/es\/gestion-documental\/","name":"Gesti\u00f3n documental - Dartem","isPartOf":{"@id":"https:\/\/www.dartem.cat\/es\/#website"},"datePublished":"2021-02-02T13:27:42+00:00","dateModified":"2023-01-16T15:25:26+00:00","description":"Un sistema de gesti\u00f3n documental permite controlar eficazmente la creaci\u00f3n, recepci\u00f3n, mantenimiento, utilizaci\u00f3n y disposici\u00f3n de documentos.","breadcrumb":{"@id":"https:\/\/www.dartem.cat\/es\/gestion-documental\/#breadcrumb"},"inLanguage":"es","potentialAction":[{"@type":"ReadAction","target":["https:\/\/www.dartem.cat\/es\/gestion-documental\/"]}]},{"@type":"BreadcrumbList","@id":"https:\/\/www.dartem.cat\/es\/gestion-documental\/#breadcrumb","itemListElement":[{"@type":"ListItem","position":1,"name":"Portada","item":"https:\/\/www.dartem.cat\/es\/"},{"@type":"ListItem","position":2,"name":"Gesti\u00f3n documental"}]},{"@type":"WebSite","@id":"https:\/\/www.dartem.cat\/es\/#website","url":"https:\/\/www.dartem.cat\/es\/","name":"Dartem","description":"Protecci\u00f3 de dades i Seguretat de la informaci\u00f3","potentialAction":[{"@type":"SearchAction","target":{"@type":"EntryPoint","urlTemplate":"https:\/\/www.dartem.cat\/es\/?s={search_term_string}"},"query-input":{"@type":"PropertyValueSpecification","valueRequired":true,"valueName":"search_term_string"}}],"inLanguage":"es"}]}},"_links":{"self":[{"href":"https:\/\/www.dartem.cat\/es\/wp-json\/wp\/v2\/pages\/1558"}],"collection":[{"href":"https:\/\/www.dartem.cat\/es\/wp-json\/wp\/v2\/pages"}],"about":[{"href":"https:\/\/www.dartem.cat\/es\/wp-json\/wp\/v2\/types\/page"}],"author":[{"embeddable":true,"href":"https:\/\/www.dartem.cat\/es\/wp-json\/wp\/v2\/users\/2"}],"replies":[{"embeddable":true,"href":"https:\/\/www.dartem.cat\/es\/wp-json\/wp\/v2\/comments?post=1558"}],"version-history":[{"count":13,"href":"https:\/\/www.dartem.cat\/es\/wp-json\/wp\/v2\/pages\/1558\/revisions"}],"predecessor-version":[{"id":2210,"href":"https:\/\/www.dartem.cat\/es\/wp-json\/wp\/v2\/pages\/1558\/revisions\/2210"}],"wp:attachment":[{"href":"https:\/\/www.dartem.cat\/es\/wp-json\/wp\/v2\/media?parent=1558"}],"curies":[{"name":"wp","href":"https:\/\/api.w.org\/{rel}","templated":true}]}}